{"id":5155,"date":"2025-11-10T20:31:53","date_gmt":"2025-11-11T04:31:53","guid":{"rendered":"https:\/\/www.galaxy-i.com\/?post_type=product&#038;p=5155"},"modified":"2026-03-19T23:47:56","modified_gmt":"2026-03-20T06:47:56","slug":"torriden-solid-in-lip-essence","status":"publish","type":"product","link":"http:\/\/www.galaxy-i.com\/fr\/product\/torriden-solid-in-lip-essence\/","title":{"rendered":"TORRIDEN SOLID IN Essence pour les l\u00e8vres (11 ml)"},"content":{"rendered":"<div data-elementor-type=\"product-post\" data-elementor-id=\"5155\" class=\"elementor elementor-5155\" data-elementor-post-type=\"product\">\n\t\t\t\t<div class=\"wd-negative-gap elementor-element elementor-element-659e775d e-flex e-con-boxed e-con e-parent\" data-id=\"659e775d\" data-element_type=\"container\">\n\t\t\t\t\t<div class=\"e-con-inner\">\n\t\t\t\t<div class=\"elementor-element elementor-element-59d44479 color-scheme-inherit text-left elementor-widget elementor-widget-text-editor\" data-id=\"59d44479\" data-element_type=\"widget\" data-widget_type=\"text-editor.default\">\n\t\t\t\t\t\t\t\t\t<p>TORRIDEN SOLID IN Lip Essence est une essence hydratante pour les l\u00e8vres qui aide \u00e0 apaiser et \u00e0 lisser les l\u00e8vres s\u00e8ches et gerc\u00e9es gr\u00e2ce \u00e0 5 types d'ingr\u00e9dients \u00e0 base de c\u00e9ramides.<\/p>\t\t\t\t\t\t\t\t<\/div>\n\t\t\t\t<div class=\"elementor-element elementor-element-0a14277 elementor-widget elementor-widget-heading\" data-id=\"0a14277\" data-element_type=\"widget\" data-widget_type=\"heading.default\">\n\t\t\t\t\t<h5 class=\"elementor-heading-title elementor-size-default\">Montant<\/h5>\t\t\t\t<\/div>\n\t\t\t\t<div class=\"elementor-element elementor-element-fd3b695 elementor-widget elementor-widget-wd_text_block\" data-id=\"fd3b695\" data-element_type=\"widget\" data-widget_type=\"wd_text_block.default\">\n\t\t\t\t<div class=\"elementor-widget-container\">\n\t\t\t\t\t\t\t<div class=\"wd-text-block reset-last-child text-left\">\n\t\t\t\n\t\t\t<p>11ml<\/p>\n\t\t\t\t\t<\/div>\n\t\t\t\t\t\t<\/div>\n\t\t\t\t<\/div>\n\t\t\t\t<div class=\"elementor-element elementor-element-15b5a8a elementor-widget elementor-widget-heading\" data-id=\"15b5a8a\" data-element_type=\"widget\" data-widget_type=\"heading.default\">\n\t\t\t\t\t<h5 class=\"elementor-heading-title elementor-size-default\">Pays d'origine<\/h5>\t\t\t\t<\/div>\n\t\t\t\t<div class=\"elementor-element elementor-element-87bd7a9 elementor-widget elementor-widget-wd_text_block\" data-id=\"87bd7a9\" data-element_type=\"widget\" data-widget_type=\"wd_text_block.default\">\n\t\t\t\t<div class=\"elementor-widget-container\">\n\t\t\t\t\t\t\t<div class=\"wd-text-block reset-last-child text-left\">\n\t\t\t\n\t\t\t<p>Cor\u00e9e<\/p>\n\t\t\t\t\t<\/div>\n\t\t\t\t\t\t<\/div>\n\t\t\t\t<\/div>\n\t\t\t\t<div class=\"elementor-element elementor-element-f911946 elementor-widget elementor-widget-heading\" data-id=\"f911946\" data-element_type=\"widget\" data-widget_type=\"heading.default\">\n\t\t\t\t\t<h5 class=\"elementor-heading-title elementor-size-default\">Comment utiliser<\/h5>\t\t\t\t<\/div>\n\t\t\t\t<div class=\"elementor-element elementor-element-1400136 elementor-widget elementor-widget-wd_text_block\" data-id=\"1400136\" data-element_type=\"widget\" data-widget_type=\"wd_text_block.default\">\n\t\t\t\t<div class=\"elementor-widget-container\">\n\t\t\t\t\t\t\t<div class=\"wd-text-block reset-last-child text-left\">\n\t\t\t\n\t\t\t<p>Appliquez une couche \u00e9paisse sur vos l\u00e8vres avant de dormir, comme un masque de nuit. Il hydrate intens\u00e9ment et durablement.<\/p>\n\t\t\t\t\t<\/div>\n\t\t\t\t\t\t<\/div>\n\t\t\t\t<\/div>\n\t\t\t\t<div class=\"elementor-element elementor-element-7a441c4 elementor-widget elementor-widget-heading\" data-id=\"7a441c4\" data-element_type=\"widget\" data-widget_type=\"heading.default\">\n\t\t\t\t\t<h5 class=\"elementor-heading-title elementor-size-default\">Ingr\u00e9dients<\/h5>\t\t\t\t<\/div>\n\t\t\t\t<div class=\"elementor-element elementor-element-02d1316 elementor-widget elementor-widget-wd_text_block\" data-id=\"02d1316\" data-element_type=\"widget\" data-widget_type=\"wd_text_block.default\">\n\t\t\t\t<div class=\"elementor-widget-container\">\n\t\t\t\t\t\t\t<div class=\"wd-text-block reset-last-child text-left\">\n\t\t\t\n\t\t\t<p>Polyisobut\u00e8ne, vaseline, malate de diisost\u00e9aryle, huile de graines de Simmondsia Chinensis (jojoba), beurre de Butyrospermum Parkii (karit\u00e9), sesquiol\u00e9ate de sorbitane, huile de graines de Macadamia Ternifolia, huile de fruit d'Olea Europaea (olive), huile de graines d'Adansonia Digitata, c\u00e9ramide NP, c\u00e9ramide NS, c\u00e9ramide AS, c\u00e9ramide EOP, c\u00e9ramide AP, acide st\u00e9arique, cholest\u00e9rol, vinaigre, hyaluronate de sodium, panth\u00e9nol, tr\u00e9halose, l\u00e9cithine hydrog\u00e9n\u00e9e, cire microcristalline, extrait de Sargassum Fusiforme, glyc\u00e9rine, butyl\u00e8ne glycol, eau, triglyc\u00e9ride caprylique\/caprique, 1,2-hexanediol<\/p>\n\t\t\t\t\t<\/div>\n\t\t\t\t\t\t<\/div>\n\t\t\t\t<\/div>\n\t\t\t\t\t<\/div>\n\t\t\t\t<\/div>\n\t\t\t\t<\/div>","protected":false},"excerpt":{"rendered":"<p>TORRIDEN SOLID IN Lip Essence est une essence hydratante pour les l\u00e8vres qui aide \u00e0 apaiser et \u00e0 lisser les l\u00e8vres s\u00e8ches et gerc\u00e9es gr\u00e2ce \u00e0 5 types d'ingr\u00e9dients \u00e0 base de c\u00e9ramides.<\/p>","protected":false},"featured_media":5156,"template":"","meta":[],"product_brand":[529],"product_cat":[651,206,462,475,531],"product_tag":[981,998,881],"class_list":{"0":"post-5155","1":"product","2":"type-product","3":"status-publish","4":"has-post-thumbnail","6":"product_brand-torriden","7":"product_cat-all","8":"product_cat-asian_cosmetics","9":"product_cat-kbeauty","10":"product_cat-lips","11":"product_cat-skin-care","12":"product_tag-lip-balm","13":"product_tag-lip-essence","14":"product_tag-torriden-solid-in-lip-essence","16":"first","17":"instock","18":"taxable","19":"shipping-taxable","20":"purchasable","21":"product-type-simple"},"aioseo_notices":[],"_links":{"self":[{"href":"http:\/\/www.galaxy-i.com\/fr\/wp-json\/wp\/v2\/product\/5155","targetHints":{"allow":["GET"]}}],"collection":[{"href":"http:\/\/www.galaxy-i.com\/fr\/wp-json\/wp\/v2\/product"}],"about":[{"href":"http:\/\/www.galaxy-i.com\/fr\/wp-json\/wp\/v2\/types\/product"}],"version-history":[{"count":1,"href":"http:\/\/www.galaxy-i.com\/fr\/wp-json\/wp\/v2\/product\/5155\/revisions"}],"predecessor-version":[{"id":7364,"href":"http:\/\/www.galaxy-i.com\/fr\/wp-json\/wp\/v2\/product\/5155\/revisions\/7364"}],"wp:featuredmedia":[{"embeddable":true,"href":"http:\/\/www.galaxy-i.com\/fr\/wp-json\/wp\/v2\/media\/5156"}],"wp:attachment":[{"href":"http:\/\/www.galaxy-i.com\/fr\/wp-json\/wp\/v2\/media?parent=5155"}],"wp:term":[{"taxonomy":"product_brand","embeddable":true,"href":"http:\/\/www.galaxy-i.com\/fr\/wp-json\/wp\/v2\/product_brand?post=5155"},{"taxonomy":"product_cat","embeddable":true,"href":"http:\/\/www.galaxy-i.com\/fr\/wp-json\/wp\/v2\/product_cat?post=5155"},{"taxonomy":"product_tag","embeddable":true,"href":"http:\/\/www.galaxy-i.com\/fr\/wp-json\/wp\/v2\/product_tag?post=5155"}],"curies":[{"name":"wp","href":"https:\/\/api.w.org\/{rel}","templated":true}]}}