{"id":5134,"date":"2025-11-10T20:01:47","date_gmt":"2025-11-11T04:01:47","guid":{"rendered":"https:\/\/www.galaxy-i.com\/?post_type=product&#038;p=5134"},"modified":"2026-03-19T23:41:38","modified_gmt":"2026-03-20T06:41:38","slug":"so-natural-real-matte-makeup-setting-fixx","status":"publish","type":"product","link":"http:\/\/www.galaxy-i.com\/fr\/product\/so-natural-real-matte-makeup-setting-fixx\/","title":{"rendered":"SO NATURAL REAL MATTE FIXATEUR DE MAQUILLAGE (75 ml)"},"content":{"rendered":"<div data-elementor-type=\"product-post\" data-elementor-id=\"5134\" class=\"elementor elementor-5134\" data-elementor-post-type=\"product\">\n\t\t\t\t<div class=\"wd-negative-gap elementor-element elementor-element-659e775d e-flex e-con-boxed e-con e-parent\" data-id=\"659e775d\" data-element_type=\"container\">\n\t\t\t\t\t<div class=\"e-con-inner\">\n\t\t\t\t<div class=\"elementor-element elementor-element-59d44479 color-scheme-inherit text-left elementor-widget elementor-widget-text-editor\" data-id=\"59d44479\" data-element_type=\"widget\" data-widget_type=\"text-editor.default\">\n\t\t\t\t\t\t\t\t\t<div class=\"guide-content\">SO NATURAL REAL MATTE MAKE UP SETTING FIXX - Contr\u00f4le la brillance tout au long de la journ\u00e9e pour un teint mat qui dure.<div class=\"guide-content\"><ul class=\"use-list\"><li>Une peau d'apparence plus lisse et un maquillage \u00e9clatant qui tient toute la journ\u00e9e (ou toute la nuit) sans couler, craqueler, s'estomper ou marquer les ridules.<\/li><li>Contr\u00f4le le s\u00e9bum, att\u00e9nue la brillance et pr\u00e9serve l'aspect mat de la peau.<\/li><li>C'est l'arme secr\u00e8te l\u00e9g\u00e8re et non collante pour un maquillage longue tenue.<\/li><li>Il peut \u00eatre utilis\u00e9 pour pr\u00e9parer le teint avant l'application du fond de teint, finaliser le maquillage ou rafra\u00eechir instantan\u00e9ment la peau tout au long de la journ\u00e9e.<\/li><li>Utilisez-le pour des retouches tout au long de la journ\u00e9e afin de redonner de l'\u00e9clat \u00e0 votre teint.<\/li><li>Sa formule contient un r\u00e9gulateur de pores, une poudre absorbante de s\u00e9bum et une poudre hydratante pour aider \u00e0 contr\u00f4ler l'exc\u00e8s de s\u00e9bum sans dess\u00e9cher la peau.<\/li><\/ul><\/div><\/div>\t\t\t\t\t\t\t\t<\/div>\n\t\t\t\t<div class=\"elementor-element elementor-element-ee1b478 elementor-widget elementor-widget-heading\" data-id=\"ee1b478\" data-element_type=\"widget\" data-widget_type=\"heading.default\">\n\t\t\t\t\t<h5 class=\"elementor-heading-title elementor-size-default\">Montant<\/h5>\t\t\t\t<\/div>\n\t\t\t\t<div class=\"elementor-element elementor-element-67e3f9d elementor-widget elementor-widget-wd_text_block\" data-id=\"67e3f9d\" data-element_type=\"widget\" data-widget_type=\"wd_text_block.default\">\n\t\t\t\t<div class=\"elementor-widget-container\">\n\t\t\t\t\t\t\t<div class=\"wd-text-block reset-last-child text-left\">\n\t\t\t\n\t\t\t<p>75ml<\/p>\n\t\t\t\t\t<\/div>\n\t\t\t\t\t\t<\/div>\n\t\t\t\t<\/div>\n\t\t\t\t<div class=\"elementor-element elementor-element-913e1b8 elementor-widget elementor-widget-heading\" data-id=\"913e1b8\" data-element_type=\"widget\" data-widget_type=\"heading.default\">\n\t\t\t\t\t<h5 class=\"elementor-heading-title elementor-size-default\">Pays d'origine<\/h5>\t\t\t\t<\/div>\n\t\t\t\t<div class=\"elementor-element elementor-element-2fb2ba7 elementor-widget elementor-widget-wd_text_block\" data-id=\"2fb2ba7\" data-element_type=\"widget\" data-widget_type=\"wd_text_block.default\">\n\t\t\t\t<div class=\"elementor-widget-container\">\n\t\t\t\t\t\t\t<div class=\"wd-text-block reset-last-child text-left\">\n\t\t\t\n\t\t\t<p>Cor\u00e9e<\/p>\n\t\t\t\t\t<\/div>\n\t\t\t\t\t\t<\/div>\n\t\t\t\t<\/div>\n\t\t\t\t<div class=\"elementor-element elementor-element-52c36dc elementor-widget elementor-widget-heading\" data-id=\"52c36dc\" data-element_type=\"widget\" data-widget_type=\"heading.default\">\n\t\t\t\t\t<h5 class=\"elementor-heading-title elementor-size-default\">Comment utiliser<\/h5>\t\t\t\t<\/div>\n\t\t\t\t<div class=\"elementor-element elementor-element-6e50aed elementor-widget elementor-widget-wd_text_block\" data-id=\"6e50aed\" data-element_type=\"widget\" data-widget_type=\"wd_text_block.default\">\n\t\t\t\t<div class=\"elementor-widget-container\">\n\t\t\t\t\t\t\t<div class=\"wd-text-block reset-last-child text-left\">\n\t\t\t\n\t\t\t<ol class=\"use-list\"><li>Tenez le flacon \u00e0 20-30 cm de distance et vaporisez sur votre visage avant et\/ou apr\u00e8s le maquillage.<\/li><li>Nettoyez l'embout apr\u00e8s utilisation. Les polym\u00e8res fixateurs de maquillage peuvent obstruer les embouts.<\/li><\/ol>\n\t\t\t\t\t<\/div>\n\t\t\t\t\t\t<\/div>\n\t\t\t\t<\/div>\n\t\t\t\t<div class=\"elementor-element elementor-element-5b8d99e elementor-widget elementor-widget-heading\" data-id=\"5b8d99e\" data-element_type=\"widget\" data-widget_type=\"heading.default\">\n\t\t\t\t\t<h5 class=\"elementor-heading-title elementor-size-default\">Ingr\u00e9dients<\/h5>\t\t\t\t<\/div>\n\t\t\t\t<div class=\"elementor-element elementor-element-e4c6280 elementor-widget elementor-widget-wd_text_block\" data-id=\"e4c6280\" data-element_type=\"widget\" data-widget_type=\"wd_text_block.default\">\n\t\t\t\t<div class=\"elementor-widget-container\">\n\t\t\t\t\t\t\t<div class=\"wd-text-block reset-last-child text-left\">\n\t\t\t\n\t\t\t<p>Eau, alcool d\u00e9natur\u00e9, ph\u00e9noxy\u00e9thanol, huile de ricin hydrog\u00e9n\u00e9e PEG-60, polym\u00e8re crois\u00e9 de dim\u00e9thicone, b\u00e9ta\u00efne, octyldod\u00e9canol, allanto\u00efne, \u00e9thylhexylglyc\u00e9rine, isost\u00e9arate d'isost\u00e9aryle, citrate de sodium, c\u00e9t\u00e9aryl m\u00e9thicone, st\u00e9areth-2, benzoate de sodium, tr\u00e9halose, extrait de fruit de citron (Citrus limon), extrait de feuille de sauge (Salvia officinalis), extrait de fruit d'orange douce (Citrus aurantium dulcis), amylopectine, parfum<\/p>\n\t\t\t\t\t<\/div>\n\t\t\t\t\t\t<\/div>\n\t\t\t\t<\/div>\n\t\t\t\t\t<\/div>\n\t\t\t\t<\/div>\n\t\t\t\t<\/div>","protected":false},"excerpt":{"rendered":"<p>SO NATURAL REAL MATTE MAKE UP SETTING FIXX - Contr\u00f4le la brillance tout au long de la journ\u00e9e pour un teint mat qui dure.<\/p>","protected":false},"featured_media":5135,"template":"","meta":[],"product_brand":[528],"product_cat":[651,206,473,462,739,467,738,711,476,531],"product_tag":[1024,996],"class_list":{"0":"post-5134","1":"product","2":"type-product","3":"status-publish","4":"has-post-thumbnail","6":"product_brand-so_natural","7":"product_cat-all","8":"product_cat-asian_cosmetics","9":"product_cat-face","10":"product_cat-kbeauty","11":"product_cat-lotion","12":"product_cat-k_makeup","13":"product_cat-moisturizer","14":"product_cat-primer","15":"product_cat-skin","16":"product_cat-skin-care","17":"product_tag-lotion","18":"product_tag-makeup-setting-spray","20":"first","21":"instock","22":"taxable","23":"shipping-taxable","24":"purchasable","25":"product-type-simple"},"aioseo_notices":[],"_links":{"self":[{"href":"http:\/\/www.galaxy-i.com\/fr\/wp-json\/wp\/v2\/product\/5134","targetHints":{"allow":["GET"]}}],"collection":[{"href":"http:\/\/www.galaxy-i.com\/fr\/wp-json\/wp\/v2\/product"}],"about":[{"href":"http:\/\/www.galaxy-i.com\/fr\/wp-json\/wp\/v2\/types\/product"}],"version-history":[{"count":1,"href":"http:\/\/www.galaxy-i.com\/fr\/wp-json\/wp\/v2\/product\/5134\/revisions"}],"predecessor-version":[{"id":7361,"href":"http:\/\/www.galaxy-i.com\/fr\/wp-json\/wp\/v2\/product\/5134\/revisions\/7361"}],"wp:featuredmedia":[{"embeddable":true,"href":"http:\/\/www.galaxy-i.com\/fr\/wp-json\/wp\/v2\/media\/5135"}],"wp:attachment":[{"href":"http:\/\/www.galaxy-i.com\/fr\/wp-json\/wp\/v2\/media?parent=5134"}],"wp:term":[{"taxonomy":"product_brand","embeddable":true,"href":"http:\/\/www.galaxy-i.com\/fr\/wp-json\/wp\/v2\/product_brand?post=5134"},{"taxonomy":"product_cat","embeddable":true,"href":"http:\/\/www.galaxy-i.com\/fr\/wp-json\/wp\/v2\/product_cat?post=5134"},{"taxonomy":"product_tag","embeddable":true,"href":"http:\/\/www.galaxy-i.com\/fr\/wp-json\/wp\/v2\/product_tag?post=5134"}],"curies":[{"name":"wp","href":"https:\/\/api.w.org\/{rel}","templated":true}]}}