{"id":5118,"date":"2025-11-10T19:29:04","date_gmt":"2025-11-11T03:29:04","guid":{"rendered":"https:\/\/www.galaxy-i.com\/?post_type=product&#038;p=5118"},"modified":"2026-03-19T23:40:52","modified_gmt":"2026-03-20T06:40:52","slug":"so-natural-all-day-tight-makeup-setting-fixer","status":"publish","type":"product","link":"http:\/\/www.galaxy-i.com\/fr\/product\/so-natural-all-day-tight-makeup-setting-fixer\/","title":{"rendered":"FIXATEUR DE MAQUILLAGE TENDANCE TOUTE LA JOURN\u00c9E SO NATURAL (75 ml)"},"content":{"rendered":"<div data-elementor-type=\"product-post\" data-elementor-id=\"5118\" class=\"elementor elementor-5118\" data-elementor-post-type=\"product\">\n\t\t\t\t<div class=\"wd-negative-gap elementor-element elementor-element-659e775d e-flex e-con-boxed e-con e-parent\" data-id=\"659e775d\" data-element_type=\"container\">\n\t\t\t\t\t<div class=\"e-con-inner\">\n\t\t\t\t<div class=\"elementor-element elementor-element-59d44479 color-scheme-inherit text-left elementor-widget elementor-widget-text-editor\" data-id=\"59d44479\" data-element_type=\"widget\" data-widget_type=\"text-editor.default\">\n\t\t\t\t\t\t\t\t\t<div class=\"guide-content\">SO NATURAL ALL DAY TIGHT MAKE UP SETTING FIXER - Un maquillage \u00e9clatant qui dure toute la journ\u00e9e sans s'estomper.<\/div><div>\u00a0<\/div><div class=\"guide-content\"><strong>\u00c0 utiliser avant le maquillage\u00a0:<\/strong> Elle affine le grain de peau et am\u00e9liore l'adh\u00e9rence du maquillage.<\/div><div class=\"guide-content\"><p><strong>Utilis\u00e9 apr\u00e8s le maquillage\u00a0:<\/strong> Fixation parfaite du maquillage et peau hydrat\u00e9e et \u00e9clatante.<\/p><\/div>\t\t\t\t\t\t\t\t<\/div>\n\t\t\t\t<div class=\"elementor-element elementor-element-7027287 elementor-widget elementor-widget-heading\" data-id=\"7027287\" data-element_type=\"widget\" data-widget_type=\"heading.default\">\n\t\t\t\t\t<h5 class=\"elementor-heading-title elementor-size-default\">Montant<\/h5>\t\t\t\t<\/div>\n\t\t\t\t<div class=\"elementor-element elementor-element-ac12322 elementor-widget elementor-widget-wd_text_block\" data-id=\"ac12322\" data-element_type=\"widget\" data-widget_type=\"wd_text_block.default\">\n\t\t\t\t<div class=\"elementor-widget-container\">\n\t\t\t\t\t\t\t<div class=\"wd-text-block reset-last-child text-left\">\n\t\t\t\n\t\t\t<p>75ml<\/p>\n\t\t\t\t\t<\/div>\n\t\t\t\t\t\t<\/div>\n\t\t\t\t<\/div>\n\t\t\t\t<div class=\"elementor-element elementor-element-a205e2e elementor-widget elementor-widget-heading\" data-id=\"a205e2e\" data-element_type=\"widget\" data-widget_type=\"heading.default\">\n\t\t\t\t\t<h5 class=\"elementor-heading-title elementor-size-default\">Pays d'origine<\/h5>\t\t\t\t<\/div>\n\t\t\t\t<div class=\"elementor-element elementor-element-9ddc888 elementor-widget elementor-widget-wd_text_block\" data-id=\"9ddc888\" data-element_type=\"widget\" data-widget_type=\"wd_text_block.default\">\n\t\t\t\t<div class=\"elementor-widget-container\">\n\t\t\t\t\t\t\t<div class=\"wd-text-block reset-last-child text-left\">\n\t\t\t\n\t\t\t<p>Cor\u00e9e<\/p>\n\t\t\t\t\t<\/div>\n\t\t\t\t\t\t<\/div>\n\t\t\t\t<\/div>\n\t\t\t\t<div class=\"elementor-element elementor-element-92d4678 elementor-widget elementor-widget-heading\" data-id=\"92d4678\" data-element_type=\"widget\" data-widget_type=\"heading.default\">\n\t\t\t\t\t<h5 class=\"elementor-heading-title elementor-size-default\">Comment utiliser<\/h5>\t\t\t\t<\/div>\n\t\t\t\t<div class=\"elementor-element elementor-element-800c311 elementor-widget elementor-widget-wd_text_block\" data-id=\"800c311\" data-element_type=\"widget\" data-widget_type=\"wd_text_block.default\">\n\t\t\t\t<div class=\"elementor-widget-container\">\n\t\t\t\t\t\t\t<div class=\"wd-text-block reset-last-child text-left\">\n\t\t\t\n\t\t\t<ol class=\"use-list\"><li>Assurez-vous de bien agiter le vaporisateur \u00e0 brouillard avant utilisation.<\/li><li>Vaporisez l\u00e9g\u00e8rement le produit sur l'ensemble du visage \u00e0 une distance d'environ 20 \u00e0 30 cm de celui-ci.<\/li><\/ol>\n\t\t\t\t\t<\/div>\n\t\t\t\t\t\t<\/div>\n\t\t\t\t<\/div>\n\t\t\t\t<div class=\"elementor-element elementor-element-b0baec6 elementor-widget elementor-widget-heading\" data-id=\"b0baec6\" data-element_type=\"widget\" data-widget_type=\"heading.default\">\n\t\t\t\t\t<h5 class=\"elementor-heading-title elementor-size-default\">Ingr\u00e9dients<\/h5>\t\t\t\t<\/div>\n\t\t\t\t<div class=\"elementor-element elementor-element-43851a2 elementor-widget elementor-widget-wd_text_block\" data-id=\"43851a2\" data-element_type=\"widget\" data-widget_type=\"wd_text_block.default\">\n\t\t\t\t<div class=\"elementor-widget-container\">\n\t\t\t\t\t\t\t<div class=\"wd-text-block reset-last-child text-left\">\n\t\t\t\n\t\t\t<p>Eau, propanediol, ph\u00e9noxy\u00e9thanol, huile de ricin hydrog\u00e9n\u00e9e, octyldod\u00e9canol, \u00e9thylhexylglyc\u00e9rine, parfum, alcool, hyaluronate de sodium, extrait d'agrumes, extrait d'achill\u00e9e millefeuille, extrait d'arnica, extrait d'absinthe, extrait de gentiane jaune (arbre \u00e0 th\u00e9), extrait de feuille, sorbate de potassium<\/p>\n\t\t\t\t\t<\/div>\n\t\t\t\t\t\t<\/div>\n\t\t\t\t<\/div>\n\t\t\t\t\t<\/div>\n\t\t\t\t<\/div>\n\t\t\t\t<\/div>","protected":false},"excerpt":{"rendered":"<p>SO NATURAL ALL DAY TIGHT MAKE UP SETTING FIXER - Un maquillage \u00e9clatant qui dure toute la journ\u00e9e sans s'estomper.<\/p>","protected":false},"featured_media":5127,"template":"","meta":[],"product_brand":[528],"product_cat":[651,206,473,462,467,476,531],"product_tag":[1024,996],"class_list":{"0":"post-5118","1":"product","2":"type-product","3":"status-publish","4":"has-post-thumbnail","6":"product_brand-so_natural","7":"product_cat-all","8":"product_cat-asian_cosmetics","9":"product_cat-face","10":"product_cat-kbeauty","11":"product_cat-k_makeup","12":"product_cat-skin","13":"product_cat-skin-care","14":"product_tag-lotion","15":"product_tag-makeup-setting-spray","17":"first","18":"instock","19":"taxable","20":"shipping-taxable","21":"purchasable","22":"product-type-simple"},"aioseo_notices":[],"_links":{"self":[{"href":"http:\/\/www.galaxy-i.com\/fr\/wp-json\/wp\/v2\/product\/5118","targetHints":{"allow":["GET"]}}],"collection":[{"href":"http:\/\/www.galaxy-i.com\/fr\/wp-json\/wp\/v2\/product"}],"about":[{"href":"http:\/\/www.galaxy-i.com\/fr\/wp-json\/wp\/v2\/types\/product"}],"version-history":[{"count":1,"href":"http:\/\/www.galaxy-i.com\/fr\/wp-json\/wp\/v2\/product\/5118\/revisions"}],"predecessor-version":[{"id":7359,"href":"http:\/\/www.galaxy-i.com\/fr\/wp-json\/wp\/v2\/product\/5118\/revisions\/7359"}],"wp:featuredmedia":[{"embeddable":true,"href":"http:\/\/www.galaxy-i.com\/fr\/wp-json\/wp\/v2\/media\/5127"}],"wp:attachment":[{"href":"http:\/\/www.galaxy-i.com\/fr\/wp-json\/wp\/v2\/media?parent=5118"}],"wp:term":[{"taxonomy":"product_brand","embeddable":true,"href":"http:\/\/www.galaxy-i.com\/fr\/wp-json\/wp\/v2\/product_brand?post=5118"},{"taxonomy":"product_cat","embeddable":true,"href":"http:\/\/www.galaxy-i.com\/fr\/wp-json\/wp\/v2\/product_cat?post=5118"},{"taxonomy":"product_tag","embeddable":true,"href":"http:\/\/www.galaxy-i.com\/fr\/wp-json\/wp\/v2\/product_tag?post=5118"}],"curies":[{"name":"wp","href":"https:\/\/api.w.org\/{rel}","templated":true}]}}