{"id":5093,"date":"2025-11-10T18:07:58","date_gmt":"2025-11-11T02:07:58","guid":{"rendered":"https:\/\/www.galaxy-i.com\/?post_type=product&#038;p=5093"},"modified":"2026-04-01T20:32:51","modified_gmt":"2026-04-02T03:32:51","slug":"romand-glasting-color-gloss","status":"publish","type":"product","link":"http:\/\/www.galaxy-i.com\/fr\/product\/romand-glasting-color-gloss\/","title":{"rendered":"rom&amp;nd Glasting Color Gloss"},"content":{"rendered":"<div data-elementor-type=\"product-post\" data-elementor-id=\"5093\" class=\"elementor elementor-5093\" data-elementor-post-type=\"product\">\n\t\t\t\t<div class=\"wd-negative-gap elementor-element elementor-element-659e775d e-flex e-con-boxed e-con e-parent\" data-id=\"659e775d\" data-element_type=\"container\">\n\t\t\t\t\t<div class=\"e-con-inner\">\n\t\t\t\t<div class=\"elementor-element elementor-element-59d44479 color-scheme-inherit text-left elementor-widget elementor-widget-text-editor\" data-id=\"59d44479\" data-element_type=\"widget\" data-widget_type=\"text-editor.default\">\n\t\t\t\t\t\t\t\t\t<p>rom&amp;nd Glasting Color Gloss<\/p><ul><li data-start=\"0\" data-end=\"263\">Des l\u00e8vres pulpeuses et \u00e9clatantes, comme une bague d'ange sur vos l\u00e8vres.<br \/>\u2013 Un \u00e9clat ang\u00e9lique qui comble et lisse les ridules des l\u00e8vres, comme si elles \u00e9taient recouvertes de sucre.<br \/>\u2013 Un \u00e9clat repulpant et volumineux qu'aucune autre teinte n'a jamais offert.<br \/>\u2013 Une texture charnue et juteuse sous tous les angles gr\u00e2ce \u00e0 une huile \u00e0 indice de r\u00e9fraction \u00e9lev\u00e9<\/li><li data-start=\"0\" data-end=\"263\">Une couleur vive et transparente sur vos l\u00e8vres<br \/>\u2013 Pure et transparente au premier abord, elle devient intense et \u00e9clatante une fois superpos\u00e9e.<br \/>\u2013 Un nuancier transparent et \u00e9clatant qu'on ne retrouve pas dans d'autres vernis brillants.<\/li><li data-start=\"0\" data-end=\"263\">Ni trop liquide ni collante, une texture parfaite sur les l\u00e8vres<br \/>\u2013 Texture lisse et glissante gr\u00e2ce \u00e0 une cire \u00e0 haute viscosit\u00e9 et \u00e0 une huile essentielle hydratante<br \/>\u2013 L\u00e9ger et confortable, mais reste bien en place sur les l\u00e8vres<\/li><\/ul>\t\t\t\t\t\t\t\t<\/div>\n\t\t\t\t<div class=\"elementor-element elementor-element-7e99ca8 elementor-widget elementor-widget-heading\" data-id=\"7e99ca8\" data-element_type=\"widget\" data-widget_type=\"heading.default\">\n\t\t\t\t\t<h5 class=\"elementor-heading-title elementor-size-default\">Pays d'origine<\/h5>\t\t\t\t<\/div>\n\t\t\t\t<div class=\"elementor-element elementor-element-71e27ed elementor-widget elementor-widget-wd_text_block\" data-id=\"71e27ed\" data-element_type=\"widget\" data-widget_type=\"wd_text_block.default\">\n\t\t\t\t<div class=\"elementor-widget-container\">\n\t\t\t\t\t\t\t<div class=\"wd-text-block reset-last-child text-left\">\n\t\t\t\n\t\t\t<p>Cor\u00e9e<\/p>\n\t\t\t\t\t<\/div>\n\t\t\t\t\t\t<\/div>\n\t\t\t\t<\/div>\n\t\t\t\t<div class=\"elementor-element elementor-element-14fd60b elementor-widget elementor-widget-heading\" data-id=\"14fd60b\" data-element_type=\"widget\" data-widget_type=\"heading.default\">\n\t\t\t\t\t<h5 class=\"elementor-heading-title elementor-size-default\">Comment utiliser<\/h5>\t\t\t\t<\/div>\n\t\t\t\t<div class=\"elementor-element elementor-element-89b2efb elementor-widget elementor-widget-wd_text_block\" data-id=\"89b2efb\" data-element_type=\"widget\" data-widget_type=\"wd_text_block.default\">\n\t\t\t\t<div class=\"elementor-widget-container\">\n\t\t\t\t\t\t\t<div class=\"wd-text-block reset-last-child text-left\">\n\t\t\t\n\t\t\t<p data-start=\"0\" data-end=\"130\"><span class=\"metafield-multi_line_text_field\">Appliquez-le de l'int\u00e9rieur vers l'ext\u00e9rieur des l\u00e8vres, en estompant naturellement.<\/span><\/p>\n\t\t\t\t\t<\/div>\n\t\t\t\t\t\t<\/div>\n\t\t\t\t<\/div>\n\t\t\t\t<div class=\"elementor-element elementor-element-3945c44 elementor-widget elementor-widget-heading\" data-id=\"3945c44\" data-element_type=\"widget\" data-widget_type=\"heading.default\">\n\t\t\t\t\t<h5 class=\"elementor-heading-title elementor-size-default\">Ingr\u00e9dients<\/h5>\t\t\t\t<\/div>\n\t\t\t\t<div class=\"elementor-element elementor-element-6d69114 elementor-widget elementor-widget-wd_accordion\" data-id=\"6d69114\" data-element_type=\"widget\" data-widget_type=\"wd_accordion.default\">\n\t\t\t\t<div class=\"elementor-widget-container\">\n\t\t\t\t\t\n\t\t<div class=\"wd-accordion wd-style-default wd-titles-left wd-opener-pos-left wd-opener-style-arrow\" data-state=\"first\">\n\t\t\t\t\t\t\t\n\t\t\t\t<div class=\"wd-accordion-item\">\n\t\t\t\t\t<div class=\"wd-accordion-title wd-active\" data-accordion-index=\"0\">\n\t\t\t\t\t\t<div class=\"wd-accordion-title-text\">\n\t\t\t\t\t\t\t\t\t\t\t\t\t\t<span>\n\t\t\t\t\t\t\t\t#01 Ballet de pivoines\t\t\t\t\t\t\t<\/span>\n\t\t\t\t\t\t<\/div>\n\t\t\t\t\t\t<span class=\"wd-accordion-opener\"><\/span>\n\t\t\t\t\t<\/div>\n\n\t\t\t\t\t<div class=\"wd-accordion-content wd-entry-content wd-active\" data-accordion-index=\"0\">\n\t\t\t\t\t\t\t\t\t\t\t\t\t\n\t\t\t\t\t\t\t<p><span class=\"metafield-multi_line_text_field\">Polyisobut\u00e8ne hydrog\u00e9n\u00e9, dilinol\u00e9ate de dim\u00e8re de dim\u00e8re de bis-b\u00e9h\u00e9nyle\/isost\u00e9aryle\/phytost\u00e9ryle, malate de diisost\u00e9aryle, huile de graines de Simmondsia Chinensis (jojoba), dim\u00e9thylsilylate de silice, cire synth\u00e9tique, isost\u00e9arate de sorbitane, 1,2-hexanediol, dioxyde de titane (CI 77891), ph\u00e9noxy\u00e9thanol, parfum, laque rouge 7 (CI 15850)<br \/>Lac jaune 5 (CI 19140), Lac jaune 6 (CI 15985), Oxydes de fer (CI 77499)<\/span><\/p>\n\t\t\t\t\t\t\t\t\t\t\t\t\t\t\t\t\t\t<\/div>\n\t\t\t\t<\/div>\n\t\t\t\t\t\t\t\n\t\t\t\t<div class=\"wd-accordion-item\">\n\t\t\t\t\t<div class=\"wd-accordion-title\" data-accordion-index=\"1\">\n\t\t\t\t\t\t<div class=\"wd-accordion-title-text\">\n\t\t\t\t\t\t\t\t\t\t\t\t\t\t<span>\n\t\t\t\t\t\t\t\t#03 Rose Finch\t\t\t\t\t\t\t<\/span>\n\t\t\t\t\t\t<\/div>\n\t\t\t\t\t\t<span class=\"wd-accordion-opener\"><\/span>\n\t\t\t\t\t<\/div>\n\n\t\t\t\t\t<div class=\"wd-accordion-content wd-entry-content\" data-accordion-index=\"1\">\n\t\t\t\t\t\t\t\t\t\t\t\t\t\n\t\t\t\t\t\t\t<p><span class=\"metafield-multi_line_text_field\">Polyisobut\u00e8ne hydrog\u00e9n\u00e9 Bis-Behenyl\/Isostearyl\/Phytosteryl Dimer Dilinoleyl Dimer Dilinoleate, Diisostearyl Malate Simmondsia Chinensis (Jojoba) Seed Oil, Silica Dimethyl Silylate, Synthetic Wax Sorbitan Isostearate, 1,2-Hexanediol, Titanium Dioxide (CI 77891), Phenoxyethanol, Iron Oxides (CI 77491), Red 7 Lake (CI 15850), Iron Oxides (CI 77499), Yellow 6 lake (CI 15985), Fragrance, Yellow 5 Lake (CI 19140)<\/span><\/p>\n\t\t\t\t\t\t\t\t\t\t\t\t\t\t\t\t\t\t<\/div>\n\t\t\t\t<\/div>\n\t\t\t\t\t<\/div>\n\t\t\t\t\t\t<\/div>\n\t\t\t\t<\/div>\n\t\t\t\t\t<\/div>\n\t\t\t\t<\/div>\n\t\t\t\t<\/div>","protected":false},"excerpt":{"rendered":"<p>rom&amp;nd Glasting Color Gloss - \u00c9clat juteux et pulpeux comme un anneau d'ange sur vos l\u00e8vres ; Couleur vive et transparente sur vos l\u00e8vres ; Pas trop aqueux ou collant.<\/p>","protected":false},"featured_media":5099,"template":"","meta":[],"product_brand":[526],"product_cat":[651,206,462,475,467],"product_tag":[1068,987],"class_list":{"0":"post-5093","1":"product","2":"type-product","3":"status-publish","4":"has-post-thumbnail","6":"product_brand-romand","7":"product_cat-all","8":"product_cat-asian_cosmetics","9":"product_cat-kbeauty","10":"product_cat-lips","11":"product_cat-k_makeup","12":"product_tag-color-gloss","13":"product_tag-lip-gloss","14":"pa_color_model-01-peony-ballet","15":"pa_color_model-03-rose-finch","17":"first","18":"instock","19":"taxable","20":"shipping-taxable","21":"purchasable","22":"product-type-variable"},"aioseo_notices":[],"_links":{"self":[{"href":"http:\/\/www.galaxy-i.com\/fr\/wp-json\/wp\/v2\/product\/5093","targetHints":{"allow":["GET"]}}],"collection":[{"href":"http:\/\/www.galaxy-i.com\/fr\/wp-json\/wp\/v2\/product"}],"about":[{"href":"http:\/\/www.galaxy-i.com\/fr\/wp-json\/wp\/v2\/types\/product"}],"version-history":[{"count":0,"href":"http:\/\/www.galaxy-i.com\/fr\/wp-json\/wp\/v2\/product\/5093\/revisions"}],"wp:featuredmedia":[{"embeddable":true,"href":"http:\/\/www.galaxy-i.com\/fr\/wp-json\/wp\/v2\/media\/5099"}],"wp:attachment":[{"href":"http:\/\/www.galaxy-i.com\/fr\/wp-json\/wp\/v2\/media?parent=5093"}],"wp:term":[{"taxonomy":"product_brand","embeddable":true,"href":"http:\/\/www.galaxy-i.com\/fr\/wp-json\/wp\/v2\/product_brand?post=5093"},{"taxonomy":"product_cat","embeddable":true,"href":"http:\/\/www.galaxy-i.com\/fr\/wp-json\/wp\/v2\/product_cat?post=5093"},{"taxonomy":"product_tag","embeddable":true,"href":"http:\/\/www.galaxy-i.com\/fr\/wp-json\/wp\/v2\/product_tag?post=5093"}],"curies":[{"name":"wp","href":"https:\/\/api.w.org\/{rel}","templated":true}]}}