{"id":5040,"date":"2025-11-10T01:25:24","date_gmt":"2025-11-10T09:25:24","guid":{"rendered":"https:\/\/www.galaxy-i.com\/?post_type=product&#038;p=5040"},"modified":"2026-03-19T23:11:39","modified_gmt":"2026-03-20T06:11:39","slug":"mediheal-madecassoside-pad","status":"publish","type":"product","link":"http:\/\/www.galaxy-i.com\/fr\/product\/mediheal-madecassoside-pad\/","title":{"rendered":"Tampon M\u00c9DIHEAL Tampon Madecassoside (100 pi\u00e8ces)"},"content":{"rendered":"<div data-elementor-type=\"product-post\" data-elementor-id=\"5040\" class=\"elementor elementor-5040\" data-elementor-post-type=\"product\">\n\t\t\t\t<div class=\"wd-negative-gap elementor-element elementor-element-659e775d e-flex e-con-boxed e-con e-parent\" data-id=\"659e775d\" data-element_type=\"container\">\n\t\t\t\t\t<div class=\"e-con-inner\">\n\t\t\t\t<div class=\"elementor-element elementor-element-59d44479 color-scheme-inherit text-left elementor-widget elementor-widget-text-editor\" data-id=\"59d44479\" data-element_type=\"widget\" data-widget_type=\"text-editor.default\">\n\t\t\t\t\t\t\t\t\t<p>MEDIHEAL Madecassoside Pad a Cica Active care with three types of Centella aide \u00e0 apaiser la peau stress\u00e9e et \u00e0 renforcer la barri\u00e8re d'hydratation. Calme les rougeurs visibles tout en assurant une hydratation quotidienne confortable.<\/p><p><strong>Apaisant et antirougeurs :<\/strong> Soulage l'irritation et r\u00e9duit les rougeurs visibles.<br \/><strong>Soutien aux barri\u00e8res\u00a0:<\/strong> Contribue \u00e0 renforcer la barri\u00e8re d'hydratation de la peau.<br \/><strong>Douceur au quotidien\u00a0:<\/strong> Convient \u00e0 un usage quotidien sur les peaux sensibles et sujettes aux imperfections.<\/p>\t\t\t\t\t\t\t\t<\/div>\n\t\t\t\t<div class=\"elementor-element elementor-element-59a4817 elementor-widget elementor-widget-heading\" data-id=\"59a4817\" data-element_type=\"widget\" data-widget_type=\"heading.default\">\n\t\t\t\t\t<h5 class=\"elementor-heading-title elementor-size-default\">Montant<\/h5>\t\t\t\t<\/div>\n\t\t\t\t<div class=\"elementor-element elementor-element-a794fd2 elementor-widget elementor-widget-wd_text_block\" data-id=\"a794fd2\" data-element_type=\"widget\" data-widget_type=\"wd_text_block.default\">\n\t\t\t\t<div class=\"elementor-widget-container\">\n\t\t\t\t\t\t\t<div class=\"wd-text-block reset-last-child text-left\">\n\t\t\t\n\t\t\t<p>100pc<\/p>\n\t\t\t\t\t<\/div>\n\t\t\t\t\t\t<\/div>\n\t\t\t\t<\/div>\n\t\t\t\t<div class=\"elementor-element elementor-element-0e7c039 elementor-widget elementor-widget-heading\" data-id=\"0e7c039\" data-element_type=\"widget\" data-widget_type=\"heading.default\">\n\t\t\t\t\t<h5 class=\"elementor-heading-title elementor-size-default\">Pays d'origine<\/h5>\t\t\t\t<\/div>\n\t\t\t\t<div class=\"elementor-element elementor-element-2b0966d elementor-widget elementor-widget-wd_text_block\" data-id=\"2b0966d\" data-element_type=\"widget\" data-widget_type=\"wd_text_block.default\">\n\t\t\t\t<div class=\"elementor-widget-container\">\n\t\t\t\t\t\t\t<div class=\"wd-text-block reset-last-child text-left\">\n\t\t\t\n\t\t\t<p>Cor\u00e9e<\/p>\n\t\t\t\t\t<\/div>\n\t\t\t\t\t\t<\/div>\n\t\t\t\t<\/div>\n\t\t\t\t<div class=\"elementor-element elementor-element-4c509d8 elementor-widget elementor-widget-heading\" data-id=\"4c509d8\" data-element_type=\"widget\" data-widget_type=\"heading.default\">\n\t\t\t\t\t<h5 class=\"elementor-heading-title elementor-size-default\">Comment utiliser<\/h5>\t\t\t\t<\/div>\n\t\t\t\t<div class=\"elementor-element elementor-element-4c73d0b elementor-widget elementor-widget-wd_text_block\" data-id=\"4c73d0b\" data-element_type=\"widget\" data-widget_type=\"wd_text_block.default\">\n\t\t\t\t<div class=\"elementor-widget-container\">\n\t\t\t\t\t\t\t<div class=\"wd-text-block reset-last-child text-left\">\n\t\t\t\n\t\t\t<ul><li>En masque de soin\u00a0: appliquer sur les zones cibl\u00e9es (front, joues et menton) apr\u00e8s le nettoyage pour un traitement intensif. Laisser reposer 15 minutes, retirer et laisser le s\u00e9rum restant p\u00e9n\u00e9trer.<\/li><li>En tant que lingette de soin\u00a0: apr\u00e8s le nettoyage, passez-la d\u00e9licatement sur la peau pour la tonifier, l\u2019hydrater et la pr\u00e9parer. Peut \u00eatre utilis\u00e9e tous les jours, matin et soir.<\/li><\/ul>\n\t\t\t\t\t<\/div>\n\t\t\t\t\t\t<\/div>\n\t\t\t\t<\/div>\n\t\t\t\t<div class=\"elementor-element elementor-element-06bd31e elementor-widget elementor-widget-heading\" data-id=\"06bd31e\" data-element_type=\"widget\" data-widget_type=\"heading.default\">\n\t\t\t\t\t<h5 class=\"elementor-heading-title elementor-size-default\">Ingr\u00e9dients<\/h5>\t\t\t\t<\/div>\n\t\t\t\t<div class=\"elementor-element elementor-element-68f9ddc elementor-widget elementor-widget-wd_text_block\" data-id=\"68f9ddc\" data-element_type=\"widget\" data-widget_type=\"wd_text_block.default\">\n\t\t\t\t<div class=\"elementor-widget-container\">\n\t\t\t\t\t\t\t<div class=\"wd-text-block reset-last-child text-left\">\n\t\t\t\n\t\t\t<p>Eau, dipropyl\u00e8ne glycol, glyc\u00e9reth-26, niacinamide, glyc\u00e9rine, 1,2-hexanediol, diph\u00e9nyl dim\u00e9thicone, tri\u00e9thylhexano\u00efne, hydroxyac\u00e9toph\u00e9none, l\u00e9cithine hydrog\u00e9n\u00e9e, ol\u00e9ate de polyglyc\u00e9ryl-10, extrait de Centella asiatica, glycyrrhizate dipotassique, citrate de sodium, allanto\u00efne, octyldod\u00e9ceth-16, acide citrique, EDTA disodique, laurate de polyglyc\u00e9ryl-10, huile de Juniperus virginiana, butyl\u00e8ne glycol, huile d'Artemisia vulgaris, huile de Pogostemon cablin, mad\u00e9cassoside, huile de feuille de Rosmarinus officinalis (romarin), extrait de feuille de Viola odorata, extrait de racine de Centella asiatica, extrait de feuille de Centella asiatica, ferment de Saccharomyces, extrait de fruit de Mangifera indica (mangue), ferment de Lactobacillus, asiaticoside, mad\u00e9cassoside acide, acide asiatique<\/p>\n\t\t\t\t\t<\/div>\n\t\t\t\t\t\t<\/div>\n\t\t\t\t<\/div>\n\t\t\t\t\t<\/div>\n\t\t\t\t<\/div>\n\t\t\t\t<\/div>","protected":false},"excerpt":{"rendered":"<p>MEDIHEAL Madecassoside Pad a Cica Active care avec trois types de Centella aide \u00e0 apaiser la peau stress\u00e9e et \u00e0 renforcer la barri\u00e8re d'hydratation.<\/p>","protected":false},"featured_media":5065,"template":"","meta":[],"product_brand":[524],"product_cat":[651,206,462,737,476,531],"product_tag":[991,901],"class_list":{"0":"post-5040","1":"product","2":"type-product","3":"status-publish","4":"has-post-thumbnail","6":"product_brand-mediheal","7":"product_cat-all","8":"product_cat-asian_cosmetics","9":"product_cat-kbeauty","10":"product_cat-masks","11":"product_cat-skin","12":"product_cat-skin-care","13":"product_tag-mask","14":"product_tag-mediheal-madecassoside-pad","16":"first","17":"instock","18":"sale","19":"taxable","20":"shipping-taxable","21":"purchasable","22":"product-type-simple"},"aioseo_notices":[],"_links":{"self":[{"href":"http:\/\/www.galaxy-i.com\/fr\/wp-json\/wp\/v2\/product\/5040","targetHints":{"allow":["GET"]}}],"collection":[{"href":"http:\/\/www.galaxy-i.com\/fr\/wp-json\/wp\/v2\/product"}],"about":[{"href":"http:\/\/www.galaxy-i.com\/fr\/wp-json\/wp\/v2\/types\/product"}],"version-history":[{"count":1,"href":"http:\/\/www.galaxy-i.com\/fr\/wp-json\/wp\/v2\/product\/5040\/revisions"}],"predecessor-version":[{"id":7353,"href":"http:\/\/www.galaxy-i.com\/fr\/wp-json\/wp\/v2\/product\/5040\/revisions\/7353"}],"wp:featuredmedia":[{"embeddable":true,"href":"http:\/\/www.galaxy-i.com\/fr\/wp-json\/wp\/v2\/media\/5065"}],"wp:attachment":[{"href":"http:\/\/www.galaxy-i.com\/fr\/wp-json\/wp\/v2\/media?parent=5040"}],"wp:term":[{"taxonomy":"product_brand","embeddable":true,"href":"http:\/\/www.galaxy-i.com\/fr\/wp-json\/wp\/v2\/product_brand?post=5040"},{"taxonomy":"product_cat","embeddable":true,"href":"http:\/\/www.galaxy-i.com\/fr\/wp-json\/wp\/v2\/product_cat?post=5040"},{"taxonomy":"product_tag","embeddable":true,"href":"http:\/\/www.galaxy-i.com\/fr\/wp-json\/wp\/v2\/product_tag?post=5040"}],"curies":[{"name":"wp","href":"https:\/\/api.w.org\/{rel}","templated":true}]}}