{"id":5028,"date":"2025-11-09T22:32:28","date_gmt":"2025-11-10T06:32:28","guid":{"rendered":"https:\/\/www.galaxy-i.com\/?post_type=product&#038;p=5028"},"modified":"2026-03-19T23:11:19","modified_gmt":"2026-03-20T06:11:19","slug":"mediheal-pantenolips-sleeping-mask","status":"publish","type":"product","link":"http:\/\/www.galaxy-i.com\/fr\/product\/mediheal-pantenolips-sleeping-mask\/","title":{"rendered":"MEDIHEAL Masque de nuit Pantenolips (10 ml)"},"content":{"rendered":"<div data-elementor-type=\"product-post\" data-elementor-id=\"5028\" class=\"elementor elementor-5028\" data-elementor-post-type=\"product\">\n\t\t\t\t<div class=\"wd-negative-gap elementor-element elementor-element-659e775d e-flex e-con-boxed e-con e-parent\" data-id=\"659e775d\" data-element_type=\"container\">\n\t\t\t\t\t<div class=\"e-con-inner\">\n\t\t\t\t<div class=\"elementor-element elementor-element-59d44479 color-scheme-inherit text-left elementor-widget elementor-widget-text-editor\" data-id=\"59d44479\" data-element_type=\"widget\" data-widget_type=\"text-editor.default\">\n\t\t\t\t\t\t\t\t\t<p>MEDIHEAL Pantenolips Sleeping Mask - Moisturizing &amp; Nourishing ; Gel type sleeping lip mask<\/p>\t\t\t\t\t\t\t\t<\/div>\n\t\t\t\t<div class=\"elementor-element elementor-element-27fd0cb elementor-widget elementor-widget-heading\" data-id=\"27fd0cb\" data-element_type=\"widget\" data-widget_type=\"heading.default\">\n\t\t\t\t\t<h5 class=\"elementor-heading-title elementor-size-default\">Montant<\/h5>\t\t\t\t<\/div>\n\t\t\t\t<div class=\"elementor-element elementor-element-78c9c9b elementor-widget elementor-widget-wd_text_block\" data-id=\"78c9c9b\" data-element_type=\"widget\" data-widget_type=\"wd_text_block.default\">\n\t\t\t\t<div class=\"elementor-widget-container\">\n\t\t\t\t\t\t\t<div class=\"wd-text-block reset-last-child text-left\">\n\t\t\t\n\t\t\t<p>10ml<\/p>\n\t\t\t\t\t<\/div>\n\t\t\t\t\t\t<\/div>\n\t\t\t\t<\/div>\n\t\t\t\t<div class=\"elementor-element elementor-element-99a03b4 elementor-widget elementor-widget-heading\" data-id=\"99a03b4\" data-element_type=\"widget\" data-widget_type=\"heading.default\">\n\t\t\t\t\t<h5 class=\"elementor-heading-title elementor-size-default\">Pays d'origine<\/h5>\t\t\t\t<\/div>\n\t\t\t\t<div class=\"elementor-element elementor-element-a685169 elementor-widget elementor-widget-wd_text_block\" data-id=\"a685169\" data-element_type=\"widget\" data-widget_type=\"wd_text_block.default\">\n\t\t\t\t<div class=\"elementor-widget-container\">\n\t\t\t\t\t\t\t<div class=\"wd-text-block reset-last-child text-left\">\n\t\t\t\n\t\t\t<p>Cor\u00e9e<\/p>\n\t\t\t\t\t<\/div>\n\t\t\t\t\t\t<\/div>\n\t\t\t\t<\/div>\n\t\t\t\t<div class=\"elementor-element elementor-element-79eb4b3 elementor-widget elementor-widget-heading\" data-id=\"79eb4b3\" data-element_type=\"widget\" data-widget_type=\"heading.default\">\n\t\t\t\t\t<h5 class=\"elementor-heading-title elementor-size-default\">Comment utiliser<\/h5>\t\t\t\t<\/div>\n\t\t\t\t<div class=\"elementor-element elementor-element-1e9e2f6 elementor-widget elementor-widget-wd_text_block\" data-id=\"1e9e2f6\" data-element_type=\"widget\" data-widget_type=\"wd_text_block.default\">\n\t\t\t\t<div class=\"elementor-widget-container\">\n\t\t\t\t\t\t\t<div class=\"wd-text-block reset-last-child text-left\">\n\t\t\t\n\t\t\t<p>Appliquez sur les l\u00e8vres avant de vous coucher et laissez agir toute la nuit. Si vous le souhaitez, retirez d\u00e9licatement l'exc\u00e9dent de masque le matin avec un mouchoir en papier. Peut \u00eatre utilis\u00e9 chaque soir ou au besoin.<\/p>\n\t\t\t\t\t<\/div>\n\t\t\t\t\t\t<\/div>\n\t\t\t\t<\/div>\n\t\t\t\t<div class=\"elementor-element elementor-element-46bd7e0 elementor-widget elementor-widget-heading\" data-id=\"46bd7e0\" data-element_type=\"widget\" data-widget_type=\"heading.default\">\n\t\t\t\t\t<h5 class=\"elementor-heading-title elementor-size-default\">Ingr\u00e9dients<\/h5>\t\t\t\t<\/div>\n\t\t\t\t<div class=\"elementor-element elementor-element-5672e48 elementor-widget elementor-widget-wd_text_block\" data-id=\"5672e48\" data-element_type=\"widget\" data-widget_type=\"wd_text_block.default\">\n\t\t\t\t<div class=\"elementor-widget-container\">\n\t\t\t\t\t\t\t<div class=\"wd-text-block reset-last-child text-left\">\n\t\t\t\n\t\t\t<p>Polyisobut\u00e8ne, palmitate d'\u00e9thylhexyle, triisost\u00e9arate de polyglyc\u00e9ryl-2, ozok\u00e9rite, dilinol\u00e9ate de dim\u00e8re de dilinol\u00e9yle, huile de graines de Ricinus communis (ricin), sesquiol\u00e9ate de sorbitane, huile de ricin hydrog\u00e9n\u00e9e, olivate de c\u00e9t\u00e9aryle, olivate de sorbitane, eau, panth\u00e9nol, beurre de Butyrospermum parkii (karit\u00e9), triglyc\u00e9ride caprylique\/caprique, huile de graines de Camellia sinensis, huile de graines de Macadamia ternifolia, huile de graines de Simmondsia chinensis (jojoba), tocoph\u00e9rol, extrait de miel, butyl\u00e8ne glycol, extrait de fruit de Lycium chinense, extrait de fruit de Vaccinium macrocarpon (canneberge), extrait de fruit de Fragaria chiloensis (fraise), extrait de fruit de Rubus idaeus (framboise), extrait de fruit de Rubus fruticosus (m\u00fbre), extrait de fruit de Ribes nigrum (cassis), Vaccinium Extrait de fruit d'Angustifolium (myrtille), extrait de fruit de Vaccinium Myrtillus, extrait de fruit d'Euterpe Oleracea, 1,2-hexanediol, hyaluronate de sodium, parfum<\/p>\n\t\t\t\t\t<\/div>\n\t\t\t\t\t\t<\/div>\n\t\t\t\t<\/div>\n\t\t\t\t\t<\/div>\n\t\t\t\t<\/div>\n\t\t\t\t<\/div>","protected":false},"excerpt":{"rendered":"<p>MEDIHEAL Pantenolips Sleeping Mask - Moisturizing &amp; Nourishing ; Gel type sleeping lip mask.<\/p>","protected":false},"featured_media":5029,"template":"","meta":[],"product_brand":[524],"product_cat":[651,206,462,475,531],"product_tag":[981,1064,1028],"class_list":{"0":"post-5028","1":"product","2":"type-product","3":"status-publish","4":"has-post-thumbnail","6":"product_brand-mediheal","7":"product_cat-all","8":"product_cat-asian_cosmetics","9":"product_cat-kbeauty","10":"product_cat-lips","11":"product_cat-skin-care","12":"product_tag-lip-balm","13":"product_tag-pantenolips","14":"product_tag-sleeping-mask","16":"first","17":"instock","18":"sale","19":"taxable","20":"shipping-taxable","21":"purchasable","22":"product-type-simple"},"aioseo_notices":[],"_links":{"self":[{"href":"http:\/\/www.galaxy-i.com\/fr\/wp-json\/wp\/v2\/product\/5028","targetHints":{"allow":["GET"]}}],"collection":[{"href":"http:\/\/www.galaxy-i.com\/fr\/wp-json\/wp\/v2\/product"}],"about":[{"href":"http:\/\/www.galaxy-i.com\/fr\/wp-json\/wp\/v2\/types\/product"}],"version-history":[{"count":0,"href":"http:\/\/www.galaxy-i.com\/fr\/wp-json\/wp\/v2\/product\/5028\/revisions"}],"wp:featuredmedia":[{"embeddable":true,"href":"http:\/\/www.galaxy-i.com\/fr\/wp-json\/wp\/v2\/media\/5029"}],"wp:attachment":[{"href":"http:\/\/www.galaxy-i.com\/fr\/wp-json\/wp\/v2\/media?parent=5028"}],"wp:term":[{"taxonomy":"product_brand","embeddable":true,"href":"http:\/\/www.galaxy-i.com\/fr\/wp-json\/wp\/v2\/product_brand?post=5028"},{"taxonomy":"product_cat","embeddable":true,"href":"http:\/\/www.galaxy-i.com\/fr\/wp-json\/wp\/v2\/product_cat?post=5028"},{"taxonomy":"product_tag","embeddable":true,"href":"http:\/\/www.galaxy-i.com\/fr\/wp-json\/wp\/v2\/product_tag?post=5028"}],"curies":[{"name":"wp","href":"https:\/\/api.w.org\/{rel}","templated":true}]}}