{"id":5002,"date":"2025-11-09T21:29:07","date_gmt":"2025-11-10T05:29:07","guid":{"rendered":"https:\/\/www.galaxy-i.com\/?post_type=product&#038;p=5002"},"modified":"2026-03-19T23:10:32","modified_gmt":"2026-03-20T06:10:32","slug":"mediheal-labocare-pantenolips-healbalm","status":"publish","type":"product","link":"http:\/\/www.galaxy-i.com\/fr\/product\/mediheal-labocare-pantenolips-healbalm\/","title":{"rendered":"MEDIHEAL Labocare Pantenolips Healbalm (10ml)"},"content":{"rendered":"<div data-elementor-type=\"product-post\" data-elementor-id=\"5002\" class=\"elementor elementor-5002\" data-elementor-post-type=\"product\">\n\t\t\t\t<div class=\"wd-negative-gap elementor-element elementor-element-659e775d e-flex e-con-boxed e-con e-parent\" data-id=\"659e775d\" data-element_type=\"container\">\n\t\t\t\t\t<div class=\"e-con-inner\">\n\t\t\t\t<div class=\"elementor-element elementor-element-59d44479 color-scheme-inherit text-left elementor-widget elementor-widget-text-editor\" data-id=\"59d44479\" data-element_type=\"widget\" data-widget_type=\"text-editor.default\">\n\t\t\t\t\t\t\t\t\t<p>MEDIHEAL Labocare Pantenolips Healbalm est un baume \u00e0 l\u00e8vres ultra nourrissant qui aide les l\u00e8vres s\u00e8ches et gerc\u00e9es \u00e0 devenir lisses et douces.<\/p>\t\t\t\t\t\t\t\t<\/div>\n\t\t\t\t<div class=\"elementor-element elementor-element-abef4b3 elementor-widget elementor-widget-heading\" data-id=\"abef4b3\" data-element_type=\"widget\" data-widget_type=\"heading.default\">\n\t\t\t\t\t<h5 class=\"elementor-heading-title elementor-size-default\">Montant<\/h5>\t\t\t\t<\/div>\n\t\t\t\t<div class=\"elementor-element elementor-element-9648468 elementor-widget elementor-widget-wd_text_block\" data-id=\"9648468\" data-element_type=\"widget\" data-widget_type=\"wd_text_block.default\">\n\t\t\t\t<div class=\"elementor-widget-container\">\n\t\t\t\t\t\t\t<div class=\"wd-text-block reset-last-child text-left\">\n\t\t\t\n\t\t\t<p>10ml<\/p>\n\t\t\t\t\t<\/div>\n\t\t\t\t\t\t<\/div>\n\t\t\t\t<\/div>\n\t\t\t\t<div class=\"elementor-element elementor-element-42c7a60 elementor-widget elementor-widget-heading\" data-id=\"42c7a60\" data-element_type=\"widget\" data-widget_type=\"heading.default\">\n\t\t\t\t\t<h5 class=\"elementor-heading-title elementor-size-default\">Pays d'origine<\/h5>\t\t\t\t<\/div>\n\t\t\t\t<div class=\"elementor-element elementor-element-6b4120c elementor-widget elementor-widget-wd_text_block\" data-id=\"6b4120c\" data-element_type=\"widget\" data-widget_type=\"wd_text_block.default\">\n\t\t\t\t<div class=\"elementor-widget-container\">\n\t\t\t\t\t\t\t<div class=\"wd-text-block reset-last-child text-left\">\n\t\t\t\n\t\t\t<p>Cor\u00e9e<\/p>\n\t\t\t\t\t<\/div>\n\t\t\t\t\t\t<\/div>\n\t\t\t\t<\/div>\n\t\t\t\t<div class=\"elementor-element elementor-element-e3cbbcd elementor-widget elementor-widget-heading\" data-id=\"e3cbbcd\" data-element_type=\"widget\" data-widget_type=\"heading.default\">\n\t\t\t\t\t<h5 class=\"elementor-heading-title elementor-size-default\">Comment utiliser<\/h5>\t\t\t\t<\/div>\n\t\t\t\t<div class=\"elementor-element elementor-element-c2207d1 elementor-widget elementor-widget-wd_text_block\" data-id=\"c2207d1\" data-element_type=\"widget\" data-widget_type=\"wd_text_block.default\">\n\t\t\t\t<div class=\"elementor-widget-container\">\n\t\t\t\t\t\t\t<div class=\"wd-text-block reset-last-child text-left\">\n\t\t\t\n\t\t\t<p>Ouvrez le bouchon et pressez doucement le tube pour en extraire une quantit\u00e9 suffisante, puis appliquez sur les l\u00e8vres.<\/p>\n\t\t\t\t\t<\/div>\n\t\t\t\t\t\t<\/div>\n\t\t\t\t<\/div>\n\t\t\t\t<div class=\"elementor-element elementor-element-0537c28 elementor-widget elementor-widget-heading\" data-id=\"0537c28\" data-element_type=\"widget\" data-widget_type=\"heading.default\">\n\t\t\t\t\t<h5 class=\"elementor-heading-title elementor-size-default\">Ingr\u00e9dients<\/h5>\t\t\t\t<\/div>\n\t\t\t\t<div class=\"elementor-element elementor-element-2740cc6 elementor-widget elementor-widget-wd_text_block\" data-id=\"2740cc6\" data-element_type=\"widget\" data-widget_type=\"wd_text_block.default\">\n\t\t\t\t<div class=\"elementor-widget-container\">\n\t\t\t\t\t\t\t<div class=\"wd-text-block reset-last-child text-left\">\n\t\t\t\n\t\t\t<p>Eau, panth\u00e9nol, sorbitol, isohexad\u00e9cane, triglyc\u00e9ride caprylique\/caprique, glyc\u00e9rine, copolym\u00e8re d'acide dilinol\u00e9ylique\/propanediol, alcool c\u00e9t\u00e9arylique, malate de diisost\u00e9aryle, huile de graines de Macadamia ternifolia, copolym\u00e8re PEG\/PPG-17\/6, lauroyl glutamate de phytost\u00e9ryl\/b\u00e9h\u00e9nyle\/octyldod\u00e9cyle, cire d'abeille, st\u00e9arate de polyglyc\u00e9ryl-10, sesquist\u00e9arate de m\u00e9thylglucose, sesquiol\u00e9ate de sorbitane, glyc\u00e9rides v\u00e9g\u00e9taux hydrog\u00e9n\u00e9s, dim\u00e9thicone, 1,2-hexanediol, ac\u00e9tate de tocoph\u00e9ryle, st\u00e9arate de PEG-100, arginine, carbom\u00e8re, butyl\u00e8ne glycol, acide caprylhydroxamique, copolym\u00e8re d'acrylate de sodium\/acryloyldim\u00e9thyltaurate de sodium, allanto\u00efne, parfum, polysorbate 80, EDTA disodique, hyaluronate de sodium, huile de graines d'Helianthus Annuus (tournesol), huile de fruit Olea Europaea (olive), huile de noyau d'Argania Spinosa, ol\u00e9ate de sorbitan.<\/p>\n\t\t\t\t\t<\/div>\n\t\t\t\t\t\t<\/div>\n\t\t\t\t<\/div>\n\t\t\t\t\t<\/div>\n\t\t\t\t<\/div>\n\t\t\t\t<\/div>","protected":false},"excerpt":{"rendered":"<p>MEDIHEAL Labocare Pantenolips Healbalm est un baume \u00e0 l\u00e8vres ultra nourrissant qui aide les l\u00e8vres s\u00e8ches et gerc\u00e9es \u00e0 devenir lisses et douces.<\/p>","protected":false},"featured_media":5003,"template":"","meta":[],"product_brand":[524],"product_cat":[651,206,462,475,531],"product_tag":[1065,981,1064],"class_list":{"0":"post-5002","1":"product","2":"type-product","3":"status-publish","4":"has-post-thumbnail","6":"product_brand-mediheal","7":"product_cat-all","8":"product_cat-asian_cosmetics","9":"product_cat-kbeauty","10":"product_cat-lips","11":"product_cat-skin-care","12":"product_tag-healbalm","13":"product_tag-lip-balm","14":"product_tag-pantenolips","16":"first","17":"instock","18":"sale","19":"taxable","20":"shipping-taxable","21":"purchasable","22":"product-type-simple"},"aioseo_notices":[],"_links":{"self":[{"href":"http:\/\/www.galaxy-i.com\/fr\/wp-json\/wp\/v2\/product\/5002","targetHints":{"allow":["GET"]}}],"collection":[{"href":"http:\/\/www.galaxy-i.com\/fr\/wp-json\/wp\/v2\/product"}],"about":[{"href":"http:\/\/www.galaxy-i.com\/fr\/wp-json\/wp\/v2\/types\/product"}],"version-history":[{"count":1,"href":"http:\/\/www.galaxy-i.com\/fr\/wp-json\/wp\/v2\/product\/5002\/revisions"}],"predecessor-version":[{"id":7349,"href":"http:\/\/www.galaxy-i.com\/fr\/wp-json\/wp\/v2\/product\/5002\/revisions\/7349"}],"wp:featuredmedia":[{"embeddable":true,"href":"http:\/\/www.galaxy-i.com\/fr\/wp-json\/wp\/v2\/media\/5003"}],"wp:attachment":[{"href":"http:\/\/www.galaxy-i.com\/fr\/wp-json\/wp\/v2\/media?parent=5002"}],"wp:term":[{"taxonomy":"product_brand","embeddable":true,"href":"http:\/\/www.galaxy-i.com\/fr\/wp-json\/wp\/v2\/product_brand?post=5002"},{"taxonomy":"product_cat","embeddable":true,"href":"http:\/\/www.galaxy-i.com\/fr\/wp-json\/wp\/v2\/product_cat?post=5002"},{"taxonomy":"product_tag","embeddable":true,"href":"http:\/\/www.galaxy-i.com\/fr\/wp-json\/wp\/v2\/product_tag?post=5002"}],"curies":[{"name":"wp","href":"https:\/\/api.w.org\/{rel}","templated":true}]}}