{"id":4908,"date":"2025-11-08T02:01:39","date_gmt":"2025-11-08T10:01:39","guid":{"rendered":"https:\/\/www.galaxy-i.com\/?post_type=product&#038;p=4908"},"modified":"2026-04-01T20:32:50","modified_gmt":"2026-04-02T03:32:50","slug":"colorgram-tintin-dory-lip-jam","status":"publish","type":"product","link":"http:\/\/www.galaxy-i.com\/fr\/product\/colorgram-tintin-dory-lip-jam\/","title":{"rendered":"Colorgram Tintin Dory Lip Jam (3,5 g)"},"content":{"rendered":"<div data-elementor-type=\"product-post\" data-elementor-id=\"4908\" class=\"elementor elementor-4908\" data-elementor-post-type=\"product\">\n\t\t\t\t<div class=\"wd-negative-gap elementor-element elementor-element-659e775d e-flex e-con-boxed e-con e-parent\" data-id=\"659e775d\" data-element_type=\"container\">\n\t\t\t\t\t<div class=\"e-con-inner\">\n\t\t\t\t<div class=\"elementor-element elementor-element-59d44479 color-scheme-inherit text-left elementor-widget elementor-widget-text-editor\" data-id=\"59d44479\" data-element_type=\"widget\" data-widget_type=\"text-editor.default\">\n\t\t\t\t\t\t\t\t\t<p>colorgram Tintin Dory Lip Jam est un pot compact de brillant \u00e0 l\u00e8vres offrant un fini solide et clair, semblable \u00e0 du verre, sur les l\u00e8vres.<\/p>\t\t\t\t\t\t\t\t<\/div>\n\t\t\t\t<div class=\"elementor-element elementor-element-8cdaf6d elementor-widget elementor-widget-heading\" data-id=\"8cdaf6d\" data-element_type=\"widget\" data-widget_type=\"heading.default\">\n\t\t\t\t\t<h5 class=\"elementor-heading-title elementor-size-default\">Montant<\/h5>\t\t\t\t<\/div>\n\t\t\t\t<div class=\"elementor-element elementor-element-54bacf4 elementor-widget elementor-widget-wd_text_block\" data-id=\"54bacf4\" data-element_type=\"widget\" data-widget_type=\"wd_text_block.default\">\n\t\t\t\t<div class=\"elementor-widget-container\">\n\t\t\t\t\t\t\t<div class=\"wd-text-block reset-last-child text-left\">\n\t\t\t\n\t\t\t<p>3.5g<\/p>\n\t\t\t\t\t<\/div>\n\t\t\t\t\t\t<\/div>\n\t\t\t\t<\/div>\n\t\t\t\t<div class=\"elementor-element elementor-element-ff19717 elementor-widget elementor-widget-heading\" data-id=\"ff19717\" data-element_type=\"widget\" data-widget_type=\"heading.default\">\n\t\t\t\t\t<h5 class=\"elementor-heading-title elementor-size-default\">Pays d'origine<\/h5>\t\t\t\t<\/div>\n\t\t\t\t<div class=\"elementor-element elementor-element-7ac22e1 elementor-widget elementor-widget-wd_text_block\" data-id=\"7ac22e1\" data-element_type=\"widget\" data-widget_type=\"wd_text_block.default\">\n\t\t\t\t<div class=\"elementor-widget-container\">\n\t\t\t\t\t\t\t<div class=\"wd-text-block reset-last-child text-left\">\n\t\t\t\n\t\t\t<p>Cor\u00e9e<\/p>\n\t\t\t\t\t<\/div>\n\t\t\t\t\t\t<\/div>\n\t\t\t\t<\/div>\n\t\t\t\t<div class=\"elementor-element elementor-element-e903dcb elementor-widget elementor-widget-heading\" data-id=\"e903dcb\" data-element_type=\"widget\" data-widget_type=\"heading.default\">\n\t\t\t\t\t<h5 class=\"elementor-heading-title elementor-size-default\">Comment utiliser<\/h5>\t\t\t\t<\/div>\n\t\t\t\t<div class=\"elementor-element elementor-element-e4baf56 elementor-widget elementor-widget-wd_text_block\" data-id=\"e4baf56\" data-element_type=\"widget\" data-widget_type=\"wd_text_block.default\">\n\t\t\t\t<div class=\"elementor-widget-container\">\n\t\t\t\t\t\t\t<div class=\"wd-text-block reset-last-child text-left\">\n\t\t\t\n\t\t\t<p>Appliquez sur les l\u00e8vres au doigt ou au pinceau. Superposez les couches pour obtenir une couleur ou une brillance plus intense.<\/p>\n\t\t\t\t\t<\/div>\n\t\t\t\t\t\t<\/div>\n\t\t\t\t<\/div>\n\t\t\t\t<div class=\"elementor-element elementor-element-fafb345 elementor-widget elementor-widget-heading\" data-id=\"fafb345\" data-element_type=\"widget\" data-widget_type=\"heading.default\">\n\t\t\t\t\t<h5 class=\"elementor-heading-title elementor-size-default\">Ingr\u00e9dients<\/h5>\t\t\t\t<\/div>\n\t\t\t\t<div class=\"elementor-element elementor-element-2cc0168 elementor-widget elementor-widget-wd_text_block\" data-id=\"2cc0168\" data-element_type=\"widget\" data-widget_type=\"wd_text_block.default\">\n\t\t\t\t<div class=\"elementor-widget-container\">\n\t\t\t\t\t\t\t<div class=\"wd-text-block reset-last-child text-left\">\n\t\t\t\n\t\t\t<p>Dilinol\u00e9ate de dim\u00e8re de dim\u00e8re de bis-b\u00e9h\u00e9nyl\/isost\u00e9aryl\/phytost\u00e9ryl, polyisobut\u00e8ne hydrog\u00e9n\u00e9, malate de diisost\u00e9aryle, isononanoate d'isononyle, triisost\u00e9arate de polyglyc\u00e9ryl-2, dim\u00e9thylsilylate de silice, paraffine, acide polyhydroxyst\u00e9arique, lactate de menthyle, cire microcristalline, glyc\u00e9rides capryliques\/capriques, cire microcristalline, silylate de silice, cire synth\u00e9tique, laque rouge 7 (CI 15850), copolym\u00e8re d'\u00e9thyl\u00e8ne\/propyl\u00e8ne, parfum, laque jaune 6 (CI 15985), laque rouge 28 (CI 45410), laque bleue 1 (CI 42090), laque jaune 5 (CI 19140).<\/p>\n\t\t\t\t\t<\/div>\n\t\t\t\t\t\t<\/div>\n\t\t\t\t<\/div>\n\t\t\t\t\t<\/div>\n\t\t\t\t<\/div>\n\t\t\t\t<\/div>","protected":false},"excerpt":{"rendered":"<p>colorgram Tintin Dory Lip Jam est un pot compact de brillant \u00e0 l\u00e8vres offrant un fini solide et clair, semblable \u00e0 du verre, sur les l\u00e8vres.<\/p>","protected":false},"featured_media":4916,"template":"","meta":[],"product_brand":[513],"product_cat":[651,206,462,475,467,476,531],"product_tag":[1059,1061,987],"class_list":{"0":"post-4908","1":"product","2":"type-product","3":"status-publish","4":"has-post-thumbnail","6":"product_brand-colorgram","7":"product_cat-all","8":"product_cat-asian_cosmetics","9":"product_cat-kbeauty","10":"product_cat-lips","11":"product_cat-k_makeup","12":"product_cat-skin","13":"product_cat-skin-care","14":"product_tag-colorgram","15":"product_tag-colorgram-lip-jam","16":"product_tag-lip-gloss","17":"pa_color_model-02-soda-jam","18":"pa_color_model-06-cherry-jam","19":"pa_color_model-08-plum-jam","21":"first","22":"instock","23":"taxable","24":"shipping-taxable","25":"purchasable","26":"product-type-variable"},"aioseo_notices":[],"_links":{"self":[{"href":"http:\/\/www.galaxy-i.com\/fr\/wp-json\/wp\/v2\/product\/4908","targetHints":{"allow":["GET"]}}],"collection":[{"href":"http:\/\/www.galaxy-i.com\/fr\/wp-json\/wp\/v2\/product"}],"about":[{"href":"http:\/\/www.galaxy-i.com\/fr\/wp-json\/wp\/v2\/types\/product"}],"version-history":[{"count":1,"href":"http:\/\/www.galaxy-i.com\/fr\/wp-json\/wp\/v2\/product\/4908\/revisions"}],"predecessor-version":[{"id":7344,"href":"http:\/\/www.galaxy-i.com\/fr\/wp-json\/wp\/v2\/product\/4908\/revisions\/7344"}],"wp:featuredmedia":[{"embeddable":true,"href":"http:\/\/www.galaxy-i.com\/fr\/wp-json\/wp\/v2\/media\/4916"}],"wp:attachment":[{"href":"http:\/\/www.galaxy-i.com\/fr\/wp-json\/wp\/v2\/media?parent=4908"}],"wp:term":[{"taxonomy":"product_brand","embeddable":true,"href":"http:\/\/www.galaxy-i.com\/fr\/wp-json\/wp\/v2\/product_brand?post=4908"},{"taxonomy":"product_cat","embeddable":true,"href":"http:\/\/www.galaxy-i.com\/fr\/wp-json\/wp\/v2\/product_cat?post=4908"},{"taxonomy":"product_tag","embeddable":true,"href":"http:\/\/www.galaxy-i.com\/fr\/wp-json\/wp\/v2\/product_tag?post=4908"}],"curies":[{"name":"wp","href":"https:\/\/api.w.org\/{rel}","templated":true}]}}