{"id":4629,"date":"2025-11-05T21:43:38","date_gmt":"2025-11-06T05:43:38","guid":{"rendered":"https:\/\/www.galaxy-i.com\/?post_type=product&#038;p=4629"},"modified":"2026-04-01T20:32:45","modified_gmt":"2026-04-02T03:32:45","slug":"frudia-pomegranate-honey-3in1-lip-balm","status":"publish","type":"product","link":"http:\/\/www.galaxy-i.com\/fr\/product\/frudia-pomegranate-honey-3in1-lip-balm\/","title":{"rendered":"Baume \u00e0 l\u00e8vres 3-en-1 FRUDIA Grenade et Miel (10 ml)"},"content":{"rendered":"<div data-elementor-type=\"product-post\" data-elementor-id=\"4629\" class=\"elementor elementor-4629\" data-elementor-post-type=\"product\">\n\t\t\t\t<div class=\"wd-negative-gap elementor-element elementor-element-659e775d e-flex e-con-boxed e-con e-parent\" data-id=\"659e775d\" data-element_type=\"container\">\n\t\t\t\t\t<div class=\"e-con-inner\">\n\t\t\t\t<div class=\"elementor-element elementor-element-59d44479 color-scheme-inherit text-left elementor-widget elementor-widget-text-editor\" data-id=\"59d44479\" data-element_type=\"widget\" data-widget_type=\"text-editor.default\">\n\t\t\t\t\t\t\t\t\t<p>Le baume \u00e0 l\u00e8vres FRUDIA Grenade Miel 3en1 donne \u00e0 vos l\u00e8vres un aspect plus vivant.<\/p>\t\t\t\t\t\t\t\t<\/div>\n\t\t\t\t<div class=\"elementor-element elementor-element-8a7787b elementor-widget elementor-widget-heading\" data-id=\"8a7787b\" data-element_type=\"widget\" data-widget_type=\"heading.default\">\n\t\t\t\t\t<h5 class=\"elementor-heading-title elementor-size-default\">Montant<\/h5>\t\t\t\t<\/div>\n\t\t\t\t<div class=\"elementor-element elementor-element-a721918 elementor-widget elementor-widget-wd_text_block\" data-id=\"a721918\" data-element_type=\"widget\" data-widget_type=\"wd_text_block.default\">\n\t\t\t\t<div class=\"elementor-widget-container\">\n\t\t\t\t\t\t\t<div class=\"wd-text-block reset-last-child text-left\">\n\t\t\t\n\t\t\t<p>10ml<\/p>\n\t\t\t\t\t<\/div>\n\t\t\t\t\t\t<\/div>\n\t\t\t\t<\/div>\n\t\t\t\t<div class=\"elementor-element elementor-element-8ce4616 elementor-widget elementor-widget-heading\" data-id=\"8ce4616\" data-element_type=\"widget\" data-widget_type=\"heading.default\">\n\t\t\t\t\t<h5 class=\"elementor-heading-title elementor-size-default\">Pays d'origine<\/h5>\t\t\t\t<\/div>\n\t\t\t\t<div class=\"elementor-element elementor-element-e26bcdc elementor-widget elementor-widget-wd_text_block\" data-id=\"e26bcdc\" data-element_type=\"widget\" data-widget_type=\"wd_text_block.default\">\n\t\t\t\t<div class=\"elementor-widget-container\">\n\t\t\t\t\t\t\t<div class=\"wd-text-block reset-last-child text-left\">\n\t\t\t\n\t\t\t<p>Cor\u00e9e<\/p>\n\t\t\t\t\t<\/div>\n\t\t\t\t\t\t<\/div>\n\t\t\t\t<\/div>\n\t\t\t\t<div class=\"elementor-element elementor-element-17e07c2 elementor-widget elementor-widget-heading\" data-id=\"17e07c2\" data-element_type=\"widget\" data-widget_type=\"heading.default\">\n\t\t\t\t\t<h5 class=\"elementor-heading-title elementor-size-default\">Comment utiliser<\/h5>\t\t\t\t<\/div>\n\t\t\t\t<div class=\"elementor-element elementor-element-f3bbe86 elementor-widget elementor-widget-wd_text_block\" data-id=\"f3bbe86\" data-element_type=\"widget\" data-widget_type=\"wd_text_block.default\">\n\t\t\t\t<div class=\"elementor-widget-container\">\n\t\t\t\t\t\t\t<div class=\"wd-text-block reset-last-child text-left\">\n\t\t\t\n\t\t\t<p>Appliquez le produit sur les l\u00e8vres lorsqu'elles ont besoin d'hydratation et de protection. Pour une utilisation nocturne, appliquez une couche plus \u00e9paisse, comme un masque \u00e0 l\u00e8vres.<\/p>\n\t\t\t\t\t<\/div>\n\t\t\t\t\t\t<\/div>\n\t\t\t\t<\/div>\n\t\t\t\t<div class=\"elementor-element elementor-element-dad6d32 elementor-widget elementor-widget-heading\" data-id=\"dad6d32\" data-element_type=\"widget\" data-widget_type=\"heading.default\">\n\t\t\t\t\t<h5 class=\"elementor-heading-title elementor-size-default\">Ingr\u00e9dients<\/h5>\t\t\t\t<\/div>\n\t\t\t\t<div class=\"elementor-element elementor-element-78afd87 elementor-widget elementor-widget-wd_text_block\" data-id=\"78afd87\" data-element_type=\"widget\" data-widget_type=\"wd_text_block.default\">\n\t\t\t\t<div class=\"elementor-widget-container\">\n\t\t\t\t\t\t\t<div class=\"wd-text-block reset-last-child text-left\">\n\t\t\t\n\t\t\t<p>Vaseline, polyisobut\u00e8ne hydrog\u00e9n\u00e9, dilinol\u00e9ate de dim\u00e8re de phytost\u00e9ryl\/isost\u00e9aryl\/c\u00e9tyl\/st\u00e9aryl\/b\u00e9h\u00e9nyle, huile de feuille de Mentha Arvensis, menthol, extrait de fruit de Punica Granatum, collag\u00e8ne soluble, huile de noyau de Prunus Armeniaca (abricot), huile de p\u00e9pins de Vitis Vinifera (raisin), huile de p\u00e9pins de Citrus Paradisi (pamplemousse), huile de p\u00e9pins de Mangifera Indica (mangue), huile de p\u00e9pins de Punica Granatum, huile de p\u00e9pins de Solanum Lycopersicum (tomate), tocoph\u00e9rol, hyaluronate de sodium, ad\u00e9nosine, panth\u00e9nol, acide hyaluronique, extrait de Fucus Vesiculosus, extrait de Prunella Vulgaris, malate de diisost\u00e9aryle, coco-caprylate\/caprate, hydroxyde d'aluminium, eau (Aqua), beurre de Butyrospermum Parkii (karit\u00e9), extrait de racine d'Anemarrhena Asphodeloides, butyl\u00e8ne glycol. Glyc\u00e9rine, extrait de miel, triglyc\u00e9ride caprylique\/caprique, extrait de racine de gingembre (Zingiber officinale), \u00e9thylhexylglyc\u00e9rine, l\u00e9cithine hydrog\u00e9n\u00e9e, acide citrique, phytost\u00e9rols, ph\u00e9noxy\u00e9thanol, 1,2-hexanediol, CI 73360, huile essentielle de menthe verte (Mentha viridis), limon\u00e8ne<\/p>\n\t\t\t\t\t<\/div>\n\t\t\t\t\t\t<\/div>\n\t\t\t\t<\/div>\n\t\t\t\t\t<\/div>\n\t\t\t\t<\/div>\n\t\t\t\t<\/div>","protected":false},"excerpt":{"rendered":"<p>Le baume \u00e0 l\u00e8vres FRUDIA Grenade Miel 3en1 donne \u00e0 vos l\u00e8vres un aspect plus vivant.<\/p>","protected":false},"featured_media":4681,"template":"","meta":[],"product_brand":[517],"product_cat":[651,462,475,531],"product_tag":[1052,981],"class_list":{"0":"post-4629","1":"product","2":"type-product","3":"status-publish","4":"has-post-thumbnail","6":"product_brand-frudia","7":"product_cat-all","8":"product_cat-kbeauty","9":"product_cat-lips","10":"product_cat-skin-care","11":"product_tag-frudia-lip-balm","12":"product_tag-lip-balm","14":"first","15":"instock","16":"taxable","17":"shipping-taxable","18":"purchasable","19":"product-type-simple"},"aioseo_notices":[],"_links":{"self":[{"href":"http:\/\/www.galaxy-i.com\/fr\/wp-json\/wp\/v2\/product\/4629","targetHints":{"allow":["GET"]}}],"collection":[{"href":"http:\/\/www.galaxy-i.com\/fr\/wp-json\/wp\/v2\/product"}],"about":[{"href":"http:\/\/www.galaxy-i.com\/fr\/wp-json\/wp\/v2\/types\/product"}],"version-history":[{"count":1,"href":"http:\/\/www.galaxy-i.com\/fr\/wp-json\/wp\/v2\/product\/4629\/revisions"}],"predecessor-version":[{"id":7336,"href":"http:\/\/www.galaxy-i.com\/fr\/wp-json\/wp\/v2\/product\/4629\/revisions\/7336"}],"wp:featuredmedia":[{"embeddable":true,"href":"http:\/\/www.galaxy-i.com\/fr\/wp-json\/wp\/v2\/media\/4681"}],"wp:attachment":[{"href":"http:\/\/www.galaxy-i.com\/fr\/wp-json\/wp\/v2\/media?parent=4629"}],"wp:term":[{"taxonomy":"product_brand","embeddable":true,"href":"http:\/\/www.galaxy-i.com\/fr\/wp-json\/wp\/v2\/product_brand?post=4629"},{"taxonomy":"product_cat","embeddable":true,"href":"http:\/\/www.galaxy-i.com\/fr\/wp-json\/wp\/v2\/product_cat?post=4629"},{"taxonomy":"product_tag","embeddable":true,"href":"http:\/\/www.galaxy-i.com\/fr\/wp-json\/wp\/v2\/product_tag?post=4629"}],"curies":[{"name":"wp","href":"https:\/\/api.w.org\/{rel}","templated":true}]}}