{"id":4611,"date":"2025-11-05T21:08:50","date_gmt":"2025-11-06T05:08:50","guid":{"rendered":"https:\/\/www.galaxy-i.com\/?post_type=product&#038;p=4611"},"modified":"2026-03-19T23:02:14","modified_gmt":"2026-03-20T06:02:14","slug":"etude-house-my-lash-serum","status":"publish","type":"product","link":"http:\/\/www.galaxy-i.com\/fr\/product\/etude-house-my-lash-serum\/","title":{"rendered":"\u00c9TUDE HOUSE My Lash Serum (9g)"},"content":{"rendered":"<div data-elementor-type=\"product-post\" data-elementor-id=\"4611\" class=\"elementor elementor-4611\" data-elementor-post-type=\"product\">\n\t\t\t\t<div class=\"wd-negative-gap elementor-element elementor-element-659e775d e-flex e-con-boxed e-con e-parent\" data-id=\"659e775d\" data-element_type=\"container\">\n\t\t\t\t\t<div class=\"e-con-inner\">\n\t\t\t\t<div class=\"elementor-element elementor-element-59d44479 color-scheme-inherit text-left elementor-widget elementor-widget-text-editor\" data-id=\"59d44479\" data-element_type=\"widget\" data-widget_type=\"text-editor.default\">\n\t\t\t\t\t\t\t\t\t<p>Le s\u00e9rum My Lash d'ETUDE HOUSE est un s\u00e9rum l\u00e9ger qui nourrit les cils d\u00e8s la racine pour leur donner l'apparence de cils plus \u00e9pais, plus fournis et plus sains.<\/p>\t\t\t\t\t\t\t\t<\/div>\n\t\t\t\t<div class=\"elementor-element elementor-element-d6f4080 elementor-widget elementor-widget-heading\" data-id=\"d6f4080\" data-element_type=\"widget\" data-widget_type=\"heading.default\">\n\t\t\t\t\t<h5 class=\"elementor-heading-title elementor-size-default\">Montant<\/h5>\t\t\t\t<\/div>\n\t\t\t\t<div class=\"elementor-element elementor-element-8900c5c elementor-widget elementor-widget-wd_text_block\" data-id=\"8900c5c\" data-element_type=\"widget\" data-widget_type=\"wd_text_block.default\">\n\t\t\t\t<div class=\"elementor-widget-container\">\n\t\t\t\t\t\t\t<div class=\"wd-text-block reset-last-child text-left\">\n\t\t\t\n\t\t\t<p>9g<\/p>\n\t\t\t\t\t<\/div>\n\t\t\t\t\t\t<\/div>\n\t\t\t\t<\/div>\n\t\t\t\t<div class=\"elementor-element elementor-element-7355454 elementor-widget elementor-widget-heading\" data-id=\"7355454\" data-element_type=\"widget\" data-widget_type=\"heading.default\">\n\t\t\t\t\t<h5 class=\"elementor-heading-title elementor-size-default\">Pays d'origine<\/h5>\t\t\t\t<\/div>\n\t\t\t\t<div class=\"elementor-element elementor-element-8971171 elementor-widget elementor-widget-wd_text_block\" data-id=\"8971171\" data-element_type=\"widget\" data-widget_type=\"wd_text_block.default\">\n\t\t\t\t<div class=\"elementor-widget-container\">\n\t\t\t\t\t\t\t<div class=\"wd-text-block reset-last-child text-left\">\n\t\t\t\n\t\t\t<p>Cor\u00e9e<\/p>\n\t\t\t\t\t<\/div>\n\t\t\t\t\t\t<\/div>\n\t\t\t\t<\/div>\n\t\t\t\t<div class=\"elementor-element elementor-element-d1ecad2 elementor-widget elementor-widget-heading\" data-id=\"d1ecad2\" data-element_type=\"widget\" data-widget_type=\"heading.default\">\n\t\t\t\t\t<h5 class=\"elementor-heading-title elementor-size-default\">Comment utiliser<\/h5>\t\t\t\t<\/div>\n\t\t\t\t<div class=\"elementor-element elementor-element-8386092 elementor-widget elementor-widget-wd_text_block\" data-id=\"8386092\" data-element_type=\"widget\" data-widget_type=\"wd_text_block.default\">\n\t\t\t\t<div class=\"elementor-widget-container\">\n\t\t\t\t\t\t\t<div class=\"wd-text-block reset-last-child text-left\">\n\t\t\t\n\t\t\t<p>Lors de votre routine de soin du soir, peignez vos cils de la racine \u00e0 la pointe, en insistant sur la racine.<\/p>\n\t\t\t\t\t<\/div>\n\t\t\t\t\t\t<\/div>\n\t\t\t\t<\/div>\n\t\t\t\t<div class=\"elementor-element elementor-element-61bb25e elementor-widget elementor-widget-heading\" data-id=\"61bb25e\" data-element_type=\"widget\" data-widget_type=\"heading.default\">\n\t\t\t\t\t<h5 class=\"elementor-heading-title elementor-size-default\">Ingr\u00e9dients<\/h5>\t\t\t\t<\/div>\n\t\t\t\t<div class=\"elementor-element elementor-element-5171088 elementor-widget elementor-widget-wd_text_block\" data-id=\"5171088\" data-element_type=\"widget\" data-widget_type=\"wd_text_block.default\">\n\t\t\t\t<div class=\"elementor-widget-container\">\n\t\t\t\t\t\t\t<div class=\"wd-text-block reset-last-child text-left\">\n\t\t\t\n\t\t\t<p><span class=\"metafield-multi_line_text_field\">Eau, butyl\u00e8ne glycol, \u00e9thanol, glyc\u00e9rine, ph\u00e9noxy\u00e9thanol, acide polyacrylique, trom\u00e9thamine, PEG-32, PEG-6, EDTA disodique, extrait de dangyak, carbonate, biotine, hyaluronidase sodique, maltodextrine, extrait de ginseng, \u00e9thylhexylglyc\u00e9rine, extrait d'iris, extrait de feuille d'alo\u00e8s, jaune n\u00b0 4<\/span><\/p>\n\t\t\t\t\t<\/div>\n\t\t\t\t\t\t<\/div>\n\t\t\t\t<\/div>\n\t\t\t\t\t<\/div>\n\t\t\t\t<\/div>\n\t\t\t\t<\/div>","protected":false},"excerpt":{"rendered":"<p>Le s\u00e9rum My Lash d'ETUDE HOUSE est un s\u00e9rum l\u00e9ger qui nourrit les cils d\u00e8s la racine pour leur donner l'apparence de cils plus \u00e9pais, plus fournis et plus sains.<\/p>","protected":false},"featured_media":4659,"template":"","meta":[],"product_brand":[516],"product_cat":[651,206,474,462,742,531],"product_tag":[1051,980,1050],"class_list":{"0":"post-4611","1":"product","2":"type-product","3":"status-publish","4":"has-post-thumbnail","6":"product_brand-etude","7":"product_cat-all","8":"product_cat-asian_cosmetics","9":"product_cat-eyes_brows","10":"product_cat-kbeauty","11":"product_cat-serum","12":"product_cat-skin-care","13":"product_tag-etude-my-lash-serum","14":"product_tag-eyelash-serum","15":"product_tag-serum","17":"first","18":"instock","19":"taxable","20":"shipping-taxable","21":"purchasable","22":"product-type-simple"},"aioseo_notices":[],"_links":{"self":[{"href":"http:\/\/www.galaxy-i.com\/fr\/wp-json\/wp\/v2\/product\/4611","targetHints":{"allow":["GET"]}}],"collection":[{"href":"http:\/\/www.galaxy-i.com\/fr\/wp-json\/wp\/v2\/product"}],"about":[{"href":"http:\/\/www.galaxy-i.com\/fr\/wp-json\/wp\/v2\/types\/product"}],"version-history":[{"count":1,"href":"http:\/\/www.galaxy-i.com\/fr\/wp-json\/wp\/v2\/product\/4611\/revisions"}],"predecessor-version":[{"id":7334,"href":"http:\/\/www.galaxy-i.com\/fr\/wp-json\/wp\/v2\/product\/4611\/revisions\/7334"}],"wp:featuredmedia":[{"embeddable":true,"href":"http:\/\/www.galaxy-i.com\/fr\/wp-json\/wp\/v2\/media\/4659"}],"wp:attachment":[{"href":"http:\/\/www.galaxy-i.com\/fr\/wp-json\/wp\/v2\/media?parent=4611"}],"wp:term":[{"taxonomy":"product_brand","embeddable":true,"href":"http:\/\/www.galaxy-i.com\/fr\/wp-json\/wp\/v2\/product_brand?post=4611"},{"taxonomy":"product_cat","embeddable":true,"href":"http:\/\/www.galaxy-i.com\/fr\/wp-json\/wp\/v2\/product_cat?post=4611"},{"taxonomy":"product_tag","embeddable":true,"href":"http:\/\/www.galaxy-i.com\/fr\/wp-json\/wp\/v2\/product_tag?post=4611"}],"curies":[{"name":"wp","href":"https:\/\/api.w.org\/{rel}","templated":true}]}}