{"id":4564,"date":"2025-11-05T19:37:20","date_gmt":"2025-11-06T03:37:20","guid":{"rendered":"https:\/\/www.galaxy-i.com\/?post_type=product&#038;p=4564"},"modified":"2026-03-19T22:58:37","modified_gmt":"2026-03-20T05:58:37","slug":"shipping-fees","status":"publish","type":"product","link":"http:\/\/www.galaxy-i.com\/fr\/product\/shipping-fees\/","title":{"rendered":"Frais d'exp\u00e9dition"},"content":{"rendered":"<div data-elementor-type=\"product-post\" data-elementor-id=\"4564\" class=\"elementor elementor-4564\" data-elementor-post-type=\"product\">\n\t\t\t\t<div class=\"wd-negative-gap elementor-element elementor-element-3d34ac5 e-flex e-con-boxed e-con e-parent\" data-id=\"3d34ac5\" data-element_type=\"container\">\n\t\t\t\t\t<div class=\"e-con-inner\">\n\t\t\t\t<div class=\"elementor-element elementor-element-16a73b27 color-scheme-inherit text-left elementor-widget elementor-widget-text-editor\" data-id=\"16a73b27\" data-element_type=\"widget\" data-widget_type=\"text-editor.default\">\n\t\t\t\t\t\t\t\t\t<p>Les clients qui souhaitent utiliser les services d'exp\u00e9dition internationale ou express, veuillez <span style=\"text-decoration: underline; color: #ffa500;\"><a style=\"color: #ffa500;\" href=\"https:\/\/www.galaxy-i.com\/fr\/contact\/\"><strong>Contactez-nous<\/strong><\/a><\/span> Ajoutez ensuite les frais de livraison requis \u00e0 votre commande.<\/p>\t\t\t\t\t\t\t\t<\/div>\n\t\t\t\t\t<\/div>\n\t\t\t\t<\/div>\n\t\t\t\t<\/div>","protected":false},"excerpt":{"rendered":"<p>Les clients qui souhaitent utiliser des services d'exp\u00e9dition internationaux ou express sont pri\u00e9s de nous contacter et d'ajouter le montant des frais d'exp\u00e9dition \u00e0 leur commande.<\/p>","protected":false},"featured_media":4668,"template":"","meta":[],"product_brand":[],"product_cat":[651,652],"product_tag":[933,977],"class_list":{"0":"post-4564","1":"product","2":"type-product","3":"status-publish","4":"has-post-thumbnail","6":"product_cat-all","7":"product_cat-others","8":"product_tag-galaxy-international-shipping-fees","9":"product_tag-shipping-fees","11":"first","12":"instock","13":"taxable","14":"shipping-taxable","15":"purchasable","16":"product-type-simple"},"aioseo_notices":[],"_links":{"self":[{"href":"http:\/\/www.galaxy-i.com\/fr\/wp-json\/wp\/v2\/product\/4564","targetHints":{"allow":["GET"]}}],"collection":[{"href":"http:\/\/www.galaxy-i.com\/fr\/wp-json\/wp\/v2\/product"}],"about":[{"href":"http:\/\/www.galaxy-i.com\/fr\/wp-json\/wp\/v2\/types\/product"}],"version-history":[{"count":1,"href":"http:\/\/www.galaxy-i.com\/fr\/wp-json\/wp\/v2\/product\/4564\/revisions"}],"predecessor-version":[{"id":7332,"href":"http:\/\/www.galaxy-i.com\/fr\/wp-json\/wp\/v2\/product\/4564\/revisions\/7332"}],"wp:featuredmedia":[{"embeddable":true,"href":"http:\/\/www.galaxy-i.com\/fr\/wp-json\/wp\/v2\/media\/4668"}],"wp:attachment":[{"href":"http:\/\/www.galaxy-i.com\/fr\/wp-json\/wp\/v2\/media?parent=4564"}],"wp:term":[{"taxonomy":"product_brand","embeddable":true,"href":"http:\/\/www.galaxy-i.com\/fr\/wp-json\/wp\/v2\/product_brand?post=4564"},{"taxonomy":"product_cat","embeddable":true,"href":"http:\/\/www.galaxy-i.com\/fr\/wp-json\/wp\/v2\/product_cat?post=4564"},{"taxonomy":"product_tag","embeddable":true,"href":"http:\/\/www.galaxy-i.com\/fr\/wp-json\/wp\/v2\/product_tag?post=4564"}],"curies":[{"name":"wp","href":"https:\/\/api.w.org\/{rel}","templated":true}]}}