{"id":4286,"date":"2025-11-04T17:11:58","date_gmt":"2025-11-05T01:11:58","guid":{"rendered":"https:\/\/rose-akane.sub.jp\/galaxy-i\/?post_type=product&#038;p=4286"},"modified":"2026-04-01T20:32:45","modified_gmt":"2026-04-02T03:32:45","slug":"beauty-of-joseon-radiance-cleansing-balm","status":"publish","type":"product","link":"http:\/\/www.galaxy-i.com\/fr\/product\/beauty-of-joseon-radiance-cleansing-balm\/","title":{"rendered":"Baume nettoyant \u00e9clat de beaut\u00e9 Joseon (100 ml)"},"content":{"rendered":"<div data-elementor-type=\"product-post\" data-elementor-id=\"4286\" class=\"elementor elementor-4286\" data-elementor-post-type=\"product\">\n\t\t\t\t<div class=\"wd-negative-gap elementor-element elementor-element-659e775d e-flex e-con-boxed e-con e-parent\" data-id=\"659e775d\" data-element_type=\"container\">\n\t\t\t\t\t<div class=\"e-con-inner\">\n\t\t\t\t<div class=\"elementor-element elementor-element-59d44479 color-scheme-inherit text-left elementor-widget elementor-widget-text-editor\" data-id=\"59d44479\" data-element_type=\"widget\" data-widget_type=\"text-editor.default\">\n\t\t\t\t\t\t\t\t\t<p>M\u00eame le mascara waterproof le plus tenace n'a rien \u00e0 envier \u00e0 ce baume d\u00e9maquillant Beaut\u00e9 de Joseon \u00c9clat. Infus\u00e9 d'extraits de riz et de c\u00e9r\u00e9ales, il reste doux tout en faisant fondre sans effort le maquillage, la cr\u00e8me solaire et les impuret\u00e9s.<\/p>\t\t\t\t\t\t\t\t<\/div>\n\t\t\t\t\t<\/div>\n\t\t\t\t<\/div>\n\t\t<div class=\"wd-negative-gap elementor-element elementor-element-b12e186 e-flex e-con-boxed e-con e-parent\" data-id=\"b12e186\" data-element_type=\"container\">\n\t\t\t\t\t<div class=\"e-con-inner\">\n\t\t\t\t<div class=\"elementor-element elementor-element-7e88b19 elementor-widget elementor-widget-heading\" data-id=\"7e88b19\" data-element_type=\"widget\" data-widget_type=\"heading.default\">\n\t\t\t\t\t<h5 class=\"elementor-heading-title elementor-size-default\">Montant<\/h5>\t\t\t\t<\/div>\n\t\t\t\t<div class=\"elementor-element elementor-element-95101ff elementor-widget elementor-widget-wd_text_block\" data-id=\"95101ff\" data-element_type=\"widget\" data-widget_type=\"wd_text_block.default\">\n\t\t\t\t<div class=\"elementor-widget-container\">\n\t\t\t\t\t\t\t<div class=\"wd-text-block reset-last-child text-left\">\n\t\t\t\n\t\t\t<p>100ml<\/p>\n\t\t\t\t\t<\/div>\n\t\t\t\t\t\t<\/div>\n\t\t\t\t<\/div>\n\t\t\t\t<div class=\"elementor-element elementor-element-5b835c0 elementor-widget elementor-widget-heading\" data-id=\"5b835c0\" data-element_type=\"widget\" data-widget_type=\"heading.default\">\n\t\t\t\t\t<h5 class=\"elementor-heading-title elementor-size-default\">Pays d'origine<\/h5>\t\t\t\t<\/div>\n\t\t\t\t<div class=\"elementor-element elementor-element-4d66cc7 elementor-widget elementor-widget-wd_text_block\" data-id=\"4d66cc7\" data-element_type=\"widget\" data-widget_type=\"wd_text_block.default\">\n\t\t\t\t<div class=\"elementor-widget-container\">\n\t\t\t\t\t\t\t<div class=\"wd-text-block reset-last-child text-left\">\n\t\t\t\n\t\t\t<p>Cor\u00e9e<\/p>\n\t\t\t\t\t<\/div>\n\t\t\t\t\t\t<\/div>\n\t\t\t\t<\/div>\n\t\t\t\t<div class=\"elementor-element elementor-element-08709b1 elementor-widget elementor-widget-heading\" data-id=\"08709b1\" data-element_type=\"widget\" data-widget_type=\"heading.default\">\n\t\t\t\t\t<h5 class=\"elementor-heading-title elementor-size-default\">Comment utiliser<\/h5>\t\t\t\t<\/div>\n\t\t\t\t<div class=\"elementor-element elementor-element-590918b elementor-widget elementor-widget-wd_text_block\" data-id=\"590918b\" data-element_type=\"widget\" data-widget_type=\"wd_text_block.default\">\n\t\t\t\t<div class=\"elementor-widget-container\">\n\t\t\t\t\t\t\t<div class=\"wd-text-block reset-last-child text-left\">\n\t\t\t\n\t\t\t<p>Appliquez le baume nettoyant sur la peau s\u00e8che avec les mains propres et massez d\u00e9licatement pour dissoudre le maquillage et les impuret\u00e9s. Ajoutez de l'eau pour \u00e9mulsionner, massez \u00e0 nouveau, puis rincez et utilisez ensuite un nettoyant \u00e0 base d'eau.<\/p>\n\t\t\t\t\t<\/div>\n\t\t\t\t\t\t<\/div>\n\t\t\t\t<\/div>\n\t\t\t\t<div class=\"elementor-element elementor-element-848e401 elementor-widget elementor-widget-heading\" data-id=\"848e401\" data-element_type=\"widget\" data-widget_type=\"heading.default\">\n\t\t\t\t\t<h5 class=\"elementor-heading-title elementor-size-default\">Ingr\u00e9dients<\/h5>\t\t\t\t<\/div>\n\t\t\t\t<div class=\"elementor-element elementor-element-99d2d14 elementor-widget elementor-widget-wd_text_block\" data-id=\"99d2d14\" data-element_type=\"widget\" data-widget_type=\"wd_text_block.default\">\n\t\t\t\t<div class=\"elementor-widget-container\">\n\t\t\t\t\t\t\t<div class=\"wd-text-block reset-last-child text-left\">\n\t\t\t\n\t\t\t<p>C\u00e9tyl \u00e9thylhexanoate, triglyc\u00e9ride caprylique\/caprique, triisost\u00e9arate de glyc\u00e9ryle PEG-20, cire synth\u00e9tique, isost\u00e9arate de PEG-10, sesquiol\u00e9ate de sorbitan, caprylyl glycol, \u00e9thylhexylglyc\u00e9rine, huile d'argousier, huile de son de riz, eau, eau de graines de riz, glyc\u00e9rine, propanediol, 1,2-hexanediol, extrait de ferment de Lactobacillus\/soja, butyl\u00e8ne glycol, extrait de graines de Coix lacryma-jobi Ma-yuen, extrait de riz, extrait de farine d'avoine.<span style=\"font-size: 15px;\"><\/span><\/p>\n\t\t\t\t\t<\/div>\n\t\t\t\t\t\t<\/div>\n\t\t\t\t<\/div>\n\t\t\t\t\t<\/div>\n\t\t\t\t<\/div>\n\t\t\t\t<\/div>","protected":false},"excerpt":{"rendered":"<p>M\u00eame le mascara waterproof le plus tenace n'a rien \u00e0 envier \u00e0 ce baume nettoyant Beaut\u00e9 de Joseon \u00c9clat.<\/p>","protected":false},"featured_media":4669,"template":"","meta":[],"product_brand":[510],"product_cat":[651,206,462,476,531,934],"product_tag":[944,972],"class_list":{"0":"post-4286","1":"product","2":"type-product","3":"status-publish","4":"has-post-thumbnail","6":"product_brand-beautyofjoseon","7":"product_cat-all","8":"product_cat-asian_cosmetics","9":"product_cat-kbeauty","10":"product_cat-skin","11":"product_cat-skin-care","12":"product_cat-soap-cleanser","13":"product_tag-beauty-of-joseon-radiance-cleansing-balm","14":"product_tag-cleansing-balm","16":"first","17":"instock","18":"taxable","19":"shipping-taxable","20":"purchasable","21":"product-type-simple"},"aioseo_notices":[],"_links":{"self":[{"href":"http:\/\/www.galaxy-i.com\/fr\/wp-json\/wp\/v2\/product\/4286","targetHints":{"allow":["GET"]}}],"collection":[{"href":"http:\/\/www.galaxy-i.com\/fr\/wp-json\/wp\/v2\/product"}],"about":[{"href":"http:\/\/www.galaxy-i.com\/fr\/wp-json\/wp\/v2\/types\/product"}],"version-history":[{"count":1,"href":"http:\/\/www.galaxy-i.com\/fr\/wp-json\/wp\/v2\/product\/4286\/revisions"}],"predecessor-version":[{"id":7326,"href":"http:\/\/www.galaxy-i.com\/fr\/wp-json\/wp\/v2\/product\/4286\/revisions\/7326"}],"wp:featuredmedia":[{"embeddable":true,"href":"http:\/\/www.galaxy-i.com\/fr\/wp-json\/wp\/v2\/media\/4669"}],"wp:attachment":[{"href":"http:\/\/www.galaxy-i.com\/fr\/wp-json\/wp\/v2\/media?parent=4286"}],"wp:term":[{"taxonomy":"product_brand","embeddable":true,"href":"http:\/\/www.galaxy-i.com\/fr\/wp-json\/wp\/v2\/product_brand?post=4286"},{"taxonomy":"product_cat","embeddable":true,"href":"http:\/\/www.galaxy-i.com\/fr\/wp-json\/wp\/v2\/product_cat?post=4286"},{"taxonomy":"product_tag","embeddable":true,"href":"http:\/\/www.galaxy-i.com\/fr\/wp-json\/wp\/v2\/product_tag?post=4286"}],"curies":[{"name":"wp","href":"https:\/\/api.w.org\/{rel}","templated":true}]}}