{"id":4252,"date":"2025-11-04T16:52:50","date_gmt":"2025-11-05T00:52:50","guid":{"rendered":"https:\/\/rose-akane.sub.jp\/galaxy-i\/?post_type=product&#038;p=4252"},"modified":"2026-04-01T20:32:45","modified_gmt":"2026-04-02T03:32:45","slug":"beauty-of-joseon-ginseng-cleansing-oil","status":"publish","type":"product","link":"http:\/\/www.galaxy-i.com\/fr\/product\/beauty-of-joseon-ginseng-cleansing-oil\/","title":{"rendered":"beaut\u00e9s de Joseon Huile nettoyante (210 ml)"},"content":{"rendered":"<div data-elementor-type=\"product-post\" data-elementor-id=\"4252\" class=\"elementor elementor-4252\" data-elementor-post-type=\"product\">\n\t\t\t\t<div class=\"wd-negative-gap elementor-element elementor-element-659e775d e-flex e-con-boxed e-con e-parent\" data-id=\"659e775d\" data-element_type=\"container\">\n\t\t\t\t\t<div class=\"e-con-inner\">\n\t\t\t\t<div class=\"elementor-element elementor-element-59d44479 color-scheme-inherit text-left elementor-widget elementor-widget-text-editor\" data-id=\"59d44479\" data-element_type=\"widget\" data-widget_type=\"text-editor.default\">\n\t\t\t\t\t\t\t\t\t<p>Beauty of Joseon Ginseng Cleansing Oil est une huile de nettoyage en profondeur au ginseng et \u00e0 la technologie micellaire qui \u00e9mulsifie pour aider \u00e0 rincer la salet\u00e9, le s\u00e9bum et les impuret\u00e9s.<\/p>\t\t\t\t\t\t\t\t<\/div>\n\t\t\t\t<div class=\"elementor-element elementor-element-2af79f4 elementor-widget elementor-widget-heading\" data-id=\"2af79f4\" data-element_type=\"widget\" data-widget_type=\"heading.default\">\n\t\t\t\t\t<h5 class=\"elementor-heading-title elementor-size-default\">Montant<\/h5>\t\t\t\t<\/div>\n\t\t\t\t<div class=\"elementor-element elementor-element-689dcbf elementor-widget elementor-widget-wd_text_block\" data-id=\"689dcbf\" data-element_type=\"widget\" data-widget_type=\"wd_text_block.default\">\n\t\t\t\t<div class=\"elementor-widget-container\">\n\t\t\t\t\t\t\t<div class=\"wd-text-block reset-last-child text-left\">\n\t\t\t\n\t\t\t<p>210ml<\/p>\n\t\t\t\t\t<\/div>\n\t\t\t\t\t\t<\/div>\n\t\t\t\t<\/div>\n\t\t\t\t<div class=\"elementor-element elementor-element-044266c elementor-widget elementor-widget-heading\" data-id=\"044266c\" data-element_type=\"widget\" data-widget_type=\"heading.default\">\n\t\t\t\t\t<h5 class=\"elementor-heading-title elementor-size-default\">Pays d'origine<\/h5>\t\t\t\t<\/div>\n\t\t\t\t<div class=\"elementor-element elementor-element-597054d elementor-widget elementor-widget-wd_text_block\" data-id=\"597054d\" data-element_type=\"widget\" data-widget_type=\"wd_text_block.default\">\n\t\t\t\t<div class=\"elementor-widget-container\">\n\t\t\t\t\t\t\t<div class=\"wd-text-block reset-last-child text-left\">\n\t\t\t\n\t\t\t<p>Cor\u00e9e<\/p>\n\t\t\t\t\t<\/div>\n\t\t\t\t\t\t<\/div>\n\t\t\t\t<\/div>\n\t\t\t\t<div class=\"elementor-element elementor-element-ca936cf elementor-widget elementor-widget-heading\" data-id=\"ca936cf\" data-element_type=\"widget\" data-widget_type=\"heading.default\">\n\t\t\t\t\t<h5 class=\"elementor-heading-title elementor-size-default\">Comment utiliser<\/h5>\t\t\t\t<\/div>\n\t\t\t\t<div class=\"elementor-element elementor-element-33302d6 elementor-widget elementor-widget-wd_text_block\" data-id=\"33302d6\" data-element_type=\"widget\" data-widget_type=\"wd_text_block.default\">\n\t\t\t\t<div class=\"elementor-widget-container\">\n\t\t\t\t\t\t\t<div class=\"wd-text-block reset-last-child text-left\">\n\t\t\t\n\t\t\t<p>Appliquez 1 \u00e0 2 doses sur la peau s\u00e8che en massant d\u00e9licatement, puis humidifiez pour \u00e9mulsionner et poursuivez le massage. Rincez \u00e0 l'eau ti\u00e8de, puis utilisez un nettoyant \u00e0 base d'eau. \u00c0 utiliser matin et soir.<\/p>\n\t\t\t\t\t<\/div>\n\t\t\t\t\t\t<\/div>\n\t\t\t\t<\/div>\n\t\t\t\t<div class=\"elementor-element elementor-element-8471218 elementor-widget elementor-widget-heading\" data-id=\"8471218\" data-element_type=\"widget\" data-widget_type=\"heading.default\">\n\t\t\t\t\t<h5 class=\"elementor-heading-title elementor-size-default\">Ingr\u00e9dients<\/h5>\t\t\t\t<\/div>\n\t\t\t\t<div class=\"elementor-element elementor-element-2b9d6cb elementor-widget elementor-widget-wd_text_block\" data-id=\"2b9d6cb\" data-element_type=\"widget\" data-widget_type=\"wd_text_block.default\">\n\t\t\t\t<div class=\"elementor-widget-container\">\n\t\t\t\t\t\t\t<div class=\"wd-text-block reset-last-child text-left\">\n\t\t\t\n\t\t\t<p>Huile de glycine soya (soja), \u00e9thylhexanoate de c\u00e9tyle, t\u00e9traol\u00e9ate de sorbeth-30, isodod\u00e9cane, huile de fruit d'Olea Europaea (olive), huile de graines de Camellia Japonica, huile de noix de coco hydrog\u00e9n\u00e9e, octyldod\u00e9canol, polybut\u00e8ne, triglyc\u00e9ride caprylique\/caprique, eau, tocoph\u00e9rol, huile de Salvia Officinalis (sauge), huile de graines de Panax Ginseng, huile d'Artemisia Vulgaris, huile d'Ocimum Basilicum (basilic), huile de graines de Corylus Avellana (noisette), huile de graines de Nigella Sativa, butyl\u00e8ne glycol, extrait de baies de Panax Ginseng, glyc\u00e9rine, 1,2-hexanediol, m\u00e9thylpropanediol, extrait de racine de Panax Ginseng, extrait de racine de Panax Ginseng, \u00e9thylhexanediol, extrait de Panax Ginseng, extrait de feuilles\/tiges de Panax Ginseng. \u00c9thylhexylglyc\u00e9rine<\/p>\n\t\t\t\t\t<\/div>\n\t\t\t\t\t\t<\/div>\n\t\t\t\t<\/div>\n\t\t\t\t\t<\/div>\n\t\t\t\t<\/div>\n\t\t\t\t<\/div>","protected":false},"excerpt":{"rendered":"<p>Beauty of Joseon Ginseng Cleansing Oil est une huile de nettoyage en profondeur au ginseng et \u00e0 la technologie micellaire qui \u00e9mulsifie pour aider \u00e0 rincer la salet\u00e9, le s\u00e9bum et les impuret\u00e9s.<\/p>","protected":false},"featured_media":4657,"template":"","meta":[],"product_brand":[510],"product_cat":[651,206,462,476,531,934],"product_tag":[945,971],"class_list":{"0":"post-4252","1":"product","2":"type-product","3":"status-publish","4":"has-post-thumbnail","6":"product_brand-beautyofjoseon","7":"product_cat-all","8":"product_cat-asian_cosmetics","9":"product_cat-kbeauty","10":"product_cat-skin","11":"product_cat-skin-care","12":"product_cat-soap-cleanser","13":"product_tag-beauty-of-joseon-ginseng-cleansing-oil","14":"product_tag-cleansing-oil","16":"first","17":"instock","18":"taxable","19":"shipping-taxable","20":"purchasable","21":"product-type-simple"},"aioseo_notices":[],"_links":{"self":[{"href":"http:\/\/www.galaxy-i.com\/fr\/wp-json\/wp\/v2\/product\/4252","targetHints":{"allow":["GET"]}}],"collection":[{"href":"http:\/\/www.galaxy-i.com\/fr\/wp-json\/wp\/v2\/product"}],"about":[{"href":"http:\/\/www.galaxy-i.com\/fr\/wp-json\/wp\/v2\/types\/product"}],"version-history":[{"count":1,"href":"http:\/\/www.galaxy-i.com\/fr\/wp-json\/wp\/v2\/product\/4252\/revisions"}],"predecessor-version":[{"id":7325,"href":"http:\/\/www.galaxy-i.com\/fr\/wp-json\/wp\/v2\/product\/4252\/revisions\/7325"}],"wp:featuredmedia":[{"embeddable":true,"href":"http:\/\/www.galaxy-i.com\/fr\/wp-json\/wp\/v2\/media\/4657"}],"wp:attachment":[{"href":"http:\/\/www.galaxy-i.com\/fr\/wp-json\/wp\/v2\/media?parent=4252"}],"wp:term":[{"taxonomy":"product_brand","embeddable":true,"href":"http:\/\/www.galaxy-i.com\/fr\/wp-json\/wp\/v2\/product_brand?post=4252"},{"taxonomy":"product_cat","embeddable":true,"href":"http:\/\/www.galaxy-i.com\/fr\/wp-json\/wp\/v2\/product_cat?post=4252"},{"taxonomy":"product_tag","embeddable":true,"href":"http:\/\/www.galaxy-i.com\/fr\/wp-json\/wp\/v2\/product_tag?post=4252"}],"curies":[{"name":"wp","href":"https:\/\/api.w.org\/{rel}","templated":true}]}}